{"id":44652,"date":"2025-11-26T09:40:26","date_gmt":"2025-11-26T08:40:26","guid":{"rendered":"https:\/\/www.hirtenberg-apotheke.at\/katalog\/produkt\/nutrini-drink-multi-fibre-200-1-stk-banane\/"},"modified":"2025-11-26T09:40:31","modified_gmt":"2025-11-26T08:40:31","slug":"nutrini-drink-multi-fibre-200-1-stk-banane","status":"publish","type":"product","link":"https:\/\/www.hirtenberg-apotheke.at\/katalog\/produkt\/nutrini-drink-multi-fibre-200-1-stk-banane\/","title":{"rendered":"Nutrini Drink Multi Fibre 200 1 Stk. Banane"},"content":{"rendered":"<p>Nutrini Drink Multi Fibre 200 ist eine hochkalorische Trinknahrung speziell f\u00fcr Kinder mit einem funktionsf\u00e4higem Gastrointestinaltrakt. NEUTRAL &#8211; die einzige Trinknahrung mit Milchgeschmack &#8211; f\u00fcr Kinder, die nicht so s\u00fc\u00dfe Speisen bevorzugen.<\/p>\n","protected":false},"excerpt":{"rendered":"<p>Nutrini Drink Multi Fibre 200 ist eine hochkalorische Trinknahrung speziell f\u00fcr Kinder mit einem funktionsf\u00e4higem Gastrointestinaltrakt. NEUTRAL &#8211; die einzige Trinknahrung mit Milchgeschmack &#8211; f\u00fcr Kinder, die nicht so s\u00fc\u00dfe Speisen bevorzugen.<\/p>\n","protected":false},"featured_media":0,"template":"","meta":{"_acf_changed":false},"product_brand":[],"product_cat":[310],"product_tag":[],"class_list":{"0":"post-44652","1":"product","2":"type-product","3":"status-publish","5":"product_cat-n","6":"pa_geschmack-banane","7":"pa_packungsgroesse-1-stueck","9":"first","10":"instock","11":"shipping-taxable","12":"purchasable","13":"product-type-simple"},"acf":[],"_links":{"self":[{"href":"https:\/\/www.hirtenberg-apotheke.at\/katalog\/wp-json\/wp\/v2\/product\/44652","targetHints":{"allow":["GET"]}}],"collection":[{"href":"https:\/\/www.hirtenberg-apotheke.at\/katalog\/wp-json\/wp\/v2\/product"}],"about":[{"href":"https:\/\/www.hirtenberg-apotheke.at\/katalog\/wp-json\/wp\/v2\/types\/product"}],"wp:attachment":[{"href":"https:\/\/www.hirtenberg-apotheke.at\/katalog\/wp-json\/wp\/v2\/media?parent=44652"}],"wp:term":[{"taxonomy":"product_brand","embeddable":true,"href":"https:\/\/www.hirtenberg-apotheke.at\/katalog\/wp-json\/wp\/v2\/product_brand?post=44652"},{"taxonomy":"product_cat","embeddable":true,"href":"https:\/\/www.hirtenberg-apotheke.at\/katalog\/wp-json\/wp\/v2\/product_cat?post=44652"},{"taxonomy":"product_tag","embeddable":true,"href":"https:\/\/www.hirtenberg-apotheke.at\/katalog\/wp-json\/wp\/v2\/product_tag?post=44652"}],"curies":[{"name":"wp","href":"https:\/\/api.w.org\/{rel}","templated":true}]}}