{"id":44754,"date":"2025-11-26T09:42:33","date_gmt":"2025-11-26T08:42:33","guid":{"rendered":"https:\/\/www.hirtenberg-apotheke.at\/katalog\/produkt\/espara-kuerbiskern-saegepalme-kapseln-60-stk\/"},"modified":"2025-11-26T09:42:51","modified_gmt":"2025-11-26T08:42:51","slug":"espara-kuerbiskern-saegepalme-kapseln-60-stk","status":"publish","type":"product","link":"https:\/\/www.hirtenberg-apotheke.at\/katalog\/produkt\/espara-kuerbiskern-saegepalme-kapseln-60-stk\/","title":{"rendered":"Espara K\u00fcrbiskern-S\u00e4gepalme Kapseln 60 Stk."},"content":{"rendered":"<p>Nahrungserg\u00e4nzungsmittel mit K\u00fcrbiskernen, Vitamin E sowie Bl\u00fctenpollen, Weidenr\u00f6schen, Brennnessel und S\u00e4gepalme. K\u00fcrbiskerne wirken g\u00fcnstig auf Blase und Prostata. Vitamin E tr\u00e4gt dazu bei, die Zellen vor oxidativem Stress zu sch\u00fctzen.<\/p>\n","protected":false},"excerpt":{"rendered":"<p>Nahrungserg\u00e4nzungsmittel mit K\u00fcrbiskernen, Vitamin E sowie Bl\u00fctenpollen, Weidenr\u00f6schen, Brennnessel und S\u00e4gepalme. K\u00fcrbiskerne wirken g\u00fcnstig auf Blase und Prostata. Vitamin E tr\u00e4gt dazu bei, die Zellen vor oxidativem Stress zu sch\u00fctzen.<\/p>\n","protected":false},"featured_media":44756,"template":"","meta":{"_acf_changed":false},"product_brand":[341],"product_cat":[307],"product_tag":[],"class_list":{"0":"post-44754","1":"product","2":"type-product","3":"status-publish","4":"has-post-thumbnail","6":"product_brand-espara","7":"product_cat-e","8":"pa_packungsgroesse-60-stueck","10":"first","11":"instock","12":"shipping-taxable","13":"purchasable","14":"product-type-simple"},"acf":[],"_links":{"self":[{"href":"https:\/\/www.hirtenberg-apotheke.at\/katalog\/wp-json\/wp\/v2\/product\/44754","targetHints":{"allow":["GET"]}}],"collection":[{"href":"https:\/\/www.hirtenberg-apotheke.at\/katalog\/wp-json\/wp\/v2\/product"}],"about":[{"href":"https:\/\/www.hirtenberg-apotheke.at\/katalog\/wp-json\/wp\/v2\/types\/product"}],"wp:featuredmedia":[{"embeddable":true,"href":"https:\/\/www.hirtenberg-apotheke.at\/katalog\/wp-json\/wp\/v2\/media\/44756"}],"wp:attachment":[{"href":"https:\/\/www.hirtenberg-apotheke.at\/katalog\/wp-json\/wp\/v2\/media?parent=44754"}],"wp:term":[{"taxonomy":"product_brand","embeddable":true,"href":"https:\/\/www.hirtenberg-apotheke.at\/katalog\/wp-json\/wp\/v2\/product_brand?post=44754"},{"taxonomy":"product_cat","embeddable":true,"href":"https:\/\/www.hirtenberg-apotheke.at\/katalog\/wp-json\/wp\/v2\/product_cat?post=44754"},{"taxonomy":"product_tag","embeddable":true,"href":"https:\/\/www.hirtenberg-apotheke.at\/katalog\/wp-json\/wp\/v2\/product_tag?post=44754"}],"curies":[{"name":"wp","href":"https:\/\/api.w.org\/{rel}","templated":true}]}}