{"id":44893,"date":"2025-11-26T09:45:01","date_gmt":"2025-11-26T08:45:01","guid":{"rendered":"https:\/\/www.hirtenberg-apotheke.at\/katalog\/produkt\/herome-caring-remover-pads-30-stk\/"},"modified":"2025-11-26T09:45:25","modified_gmt":"2025-11-26T08:45:25","slug":"herome-caring-remover-pads-30-stk","status":"publish","type":"product","link":"https:\/\/www.hirtenberg-apotheke.at\/katalog\/produkt\/herome-caring-remover-pads-30-stk\/","title":{"rendered":"Herome Caring Remover Pads 30 Stk."},"content":{"rendered":"<p>Herome Caring Remover Pads sind Baumwollpads mit einem milden Nagellackentferner in einer praktischer Mitnehmverpackung. Der Nagellackentferner verhindert ein Austrocknen des Nagels, ist allerdings nicht f\u00fcr k\u00fcnstliche N\u00e4gel geeignet.<\/p>\n","protected":false},"excerpt":{"rendered":"<p>Herome Caring Remover Pads sind Baumwollpads mit einem milden Nagellackentferner in einer praktischer Mitnehmverpackung. Der Nagellackentferner verhindert ein Austrocknen des Nagels, ist allerdings nicht f\u00fcr k\u00fcnstliche N\u00e4gel geeignet.<\/p>\n","protected":false},"featured_media":44895,"template":"","meta":{"_acf_changed":false},"product_brand":[],"product_cat":[330],"product_tag":[],"class_list":{"0":"post-44893","1":"product","2":"type-product","3":"status-publish","4":"has-post-thumbnail","6":"product_cat-h","7":"pa_packungsgroesse-30-stueck","9":"first","10":"instock","11":"shipping-taxable","12":"purchasable","13":"product-type-simple"},"acf":[],"_links":{"self":[{"href":"https:\/\/www.hirtenberg-apotheke.at\/katalog\/wp-json\/wp\/v2\/product\/44893","targetHints":{"allow":["GET"]}}],"collection":[{"href":"https:\/\/www.hirtenberg-apotheke.at\/katalog\/wp-json\/wp\/v2\/product"}],"about":[{"href":"https:\/\/www.hirtenberg-apotheke.at\/katalog\/wp-json\/wp\/v2\/types\/product"}],"wp:featuredmedia":[{"embeddable":true,"href":"https:\/\/www.hirtenberg-apotheke.at\/katalog\/wp-json\/wp\/v2\/media\/44895"}],"wp:attachment":[{"href":"https:\/\/www.hirtenberg-apotheke.at\/katalog\/wp-json\/wp\/v2\/media?parent=44893"}],"wp:term":[{"taxonomy":"product_brand","embeddable":true,"href":"https:\/\/www.hirtenberg-apotheke.at\/katalog\/wp-json\/wp\/v2\/product_brand?post=44893"},{"taxonomy":"product_cat","embeddable":true,"href":"https:\/\/www.hirtenberg-apotheke.at\/katalog\/wp-json\/wp\/v2\/product_cat?post=44893"},{"taxonomy":"product_tag","embeddable":true,"href":"https:\/\/www.hirtenberg-apotheke.at\/katalog\/wp-json\/wp\/v2\/product_tag?post=44893"}],"curies":[{"name":"wp","href":"https:\/\/api.w.org\/{rel}","templated":true}]}}