{"id":44949,"date":"2025-11-26T09:46:15","date_gmt":"2025-11-26T08:46:15","guid":{"rendered":"https:\/\/www.hirtenberg-apotheke.at\/katalog\/produkt\/cbd-vital-hanf-schlaftropfen-30-ml\/"},"modified":"2025-11-26T09:46:32","modified_gmt":"2025-11-26T08:46:32","slug":"cbd-vital-hanf-schlaftropfen-30-ml","status":"publish","type":"product","link":"https:\/\/www.hirtenberg-apotheke.at\/katalog\/produkt\/cbd-vital-hanf-schlaftropfen-30-ml\/","title":{"rendered":"CBD Vital Hanf Schlaftropfen 30 ml"},"content":{"rendered":"<p>Mit den CBD Vital Hanf Schlaftropfen 30 ml kann die Schlafqualit\u00e4t verbessert werden. Hanf, Melisse- und Orangenbl\u00fcte sowie Vitamin B6 und Melatonin sorgen f\u00fcr eine angenehme Nachtruhe.  Jetzt online auf servusapotheke.at bestellen!<\/p>\n","protected":false},"excerpt":{"rendered":"<p>Mit den CBD Vital Hanf Schlaftropfen 30 ml kann die Schlafqualit\u00e4t verbessert werden. Hanf, Melisse- und Orangenbl\u00fcte sowie Vitamin B6 und Melatonin sorgen f\u00fcr eine angenehme Nachtruhe. Jetzt online auf servusapotheke.at bestellen!<\/p>\n","protected":false},"featured_media":0,"template":"","meta":{"_acf_changed":false},"product_brand":[],"product_cat":[337],"product_tag":[],"class_list":{"0":"post-44949","1":"product","2":"type-product","3":"status-publish","5":"product_cat-c","6":"pa_packungsgroesse-30ml","8":"first","9":"instock","10":"shipping-taxable","11":"purchasable","12":"product-type-simple"},"acf":[],"_links":{"self":[{"href":"https:\/\/www.hirtenberg-apotheke.at\/katalog\/wp-json\/wp\/v2\/product\/44949","targetHints":{"allow":["GET"]}}],"collection":[{"href":"https:\/\/www.hirtenberg-apotheke.at\/katalog\/wp-json\/wp\/v2\/product"}],"about":[{"href":"https:\/\/www.hirtenberg-apotheke.at\/katalog\/wp-json\/wp\/v2\/types\/product"}],"wp:attachment":[{"href":"https:\/\/www.hirtenberg-apotheke.at\/katalog\/wp-json\/wp\/v2\/media?parent=44949"}],"wp:term":[{"taxonomy":"product_brand","embeddable":true,"href":"https:\/\/www.hirtenberg-apotheke.at\/katalog\/wp-json\/wp\/v2\/product_brand?post=44949"},{"taxonomy":"product_cat","embeddable":true,"href":"https:\/\/www.hirtenberg-apotheke.at\/katalog\/wp-json\/wp\/v2\/product_cat?post=44949"},{"taxonomy":"product_tag","embeddable":true,"href":"https:\/\/www.hirtenberg-apotheke.at\/katalog\/wp-json\/wp\/v2\/product_tag?post=44949"}],"curies":[{"name":"wp","href":"https:\/\/api.w.org\/{rel}","templated":true}]}}