{"id":44957,"date":"2025-11-26T09:46:15","date_gmt":"2025-11-26T08:46:15","guid":{"rendered":"https:\/\/www.hirtenberg-apotheke.at\/katalog\/produkt\/homedi-kind-zahnungsoel-10-ml\/"},"modified":"2025-11-26T09:46:42","modified_gmt":"2025-11-26T08:46:42","slug":"homedi-kind-zahnungsoel-10-ml","status":"publish","type":"product","link":"https:\/\/www.hirtenberg-apotheke.at\/katalog\/produkt\/homedi-kind-zahnungsoel-10-ml\/","title":{"rendered":"Homedi-Kind Zahnungs\u00f6l 10 ml"},"content":{"rendered":"<p>Homedi-Kind\u00ae Zahnungs\u00f6l entfaltet die beste Wirkung, wenn es von au\u00dfen in die Wangen einmassiert wird. Es wirkt entspannend und erw\u00e4rmend. Bei starken Beschwerden zus\u00e4tzlich die Fu\u00dfsohle einmassieren.<\/p>\n","protected":false},"excerpt":{"rendered":"<p>Homedi-Kind\u00ae Zahnungs\u00f6l entfaltet die beste Wirkung, wenn es von au\u00dfen in die Wangen einmassiert wird. Es wirkt entspannend und erw\u00e4rmend. Bei starken Beschwerden zus\u00e4tzlich die Fu\u00dfsohle einmassieren.<\/p>\n","protected":false},"featured_media":0,"template":"","meta":{"_acf_changed":false},"product_brand":[],"product_cat":[330],"product_tag":[],"class_list":{"0":"post-44957","1":"product","2":"type-product","3":"status-publish","5":"product_cat-h","6":"pa_packungsgroesse-10ml","8":"first","9":"instock","10":"shipping-taxable","11":"purchasable","12":"product-type-simple"},"acf":[],"_links":{"self":[{"href":"https:\/\/www.hirtenberg-apotheke.at\/katalog\/wp-json\/wp\/v2\/product\/44957","targetHints":{"allow":["GET"]}}],"collection":[{"href":"https:\/\/www.hirtenberg-apotheke.at\/katalog\/wp-json\/wp\/v2\/product"}],"about":[{"href":"https:\/\/www.hirtenberg-apotheke.at\/katalog\/wp-json\/wp\/v2\/types\/product"}],"wp:attachment":[{"href":"https:\/\/www.hirtenberg-apotheke.at\/katalog\/wp-json\/wp\/v2\/media?parent=44957"}],"wp:term":[{"taxonomy":"product_brand","embeddable":true,"href":"https:\/\/www.hirtenberg-apotheke.at\/katalog\/wp-json\/wp\/v2\/product_brand?post=44957"},{"taxonomy":"product_cat","embeddable":true,"href":"https:\/\/www.hirtenberg-apotheke.at\/katalog\/wp-json\/wp\/v2\/product_cat?post=44957"},{"taxonomy":"product_tag","embeddable":true,"href":"https:\/\/www.hirtenberg-apotheke.at\/katalog\/wp-json\/wp\/v2\/product_tag?post=44957"}],"curies":[{"name":"wp","href":"https:\/\/api.w.org\/{rel}","templated":true}]}}