{"id":44961,"date":"2025-11-26T09:46:15","date_gmt":"2025-11-26T08:46:15","guid":{"rendered":"https:\/\/www.hirtenberg-apotheke.at\/katalog\/produkt\/life-light-omega-3-6-9-kapseln-60-stk\/"},"modified":"2025-11-26T09:46:46","modified_gmt":"2025-11-26T08:46:46","slug":"life-light-omega-3-6-9-kapseln-60-stk","status":"publish","type":"product","link":"https:\/\/www.hirtenberg-apotheke.at\/katalog\/produkt\/life-light-omega-3-6-9-kapseln-60-stk\/","title":{"rendered":"Life Light Omega 3-6-9 Kapseln 60 Stk."},"content":{"rendered":"<p>Life Light Omega 3-6-9 Kapseln enthalten einen synergistischen Omega- Komplex mit wertvollen Omega 3, 6 und 9-Fetts\u00e4uren und ausgew\u00e4hlten Pflanzen\u00f6len sowie zellsch\u00fctzendem Vitamin E. Omega 3-6-9 Fetts\u00e4uren z\u00e4hlen zur Gruppe der mehrfach unges\u00e4ttigten Fetts\u00e4uren, die vom menschlichen K\u00f6rper nicht selbst gebildet werden k\u00f6nnen. Sie m\u00fcssen daher durch die Nahrung aufgenommen werden.<\/p>\n","protected":false},"excerpt":{"rendered":"<p>Life Light Omega 3-6-9 Kapseln enthalten einen synergistischen Omega- Komplex mit wertvollen Omega 3, 6 und 9-Fetts\u00e4uren und ausgew\u00e4hlten Pflanzen\u00f6len sowie zellsch\u00fctzendem Vitamin E. Omega 3-6-9 Fetts\u00e4uren z\u00e4hlen zur Gruppe der mehrfach unges\u00e4ttigten Fetts\u00e4uren, die vom menschlichen K\u00f6rper nicht selbst gebildet werden k\u00f6nnen. Sie m\u00fcssen daher durch die Nahrung aufgenommen werden.<\/p>\n","protected":false},"featured_media":0,"template":"","meta":{"_acf_changed":false},"product_brand":[],"product_cat":[317],"product_tag":[],"class_list":{"0":"post-44961","1":"product","2":"type-product","3":"status-publish","5":"product_cat-l","6":"pa_packungsgroesse-60-stueck","8":"first","9":"instock","10":"shipping-taxable","11":"purchasable","12":"product-type-simple"},"acf":[],"_links":{"self":[{"href":"https:\/\/www.hirtenberg-apotheke.at\/katalog\/wp-json\/wp\/v2\/product\/44961","targetHints":{"allow":["GET"]}}],"collection":[{"href":"https:\/\/www.hirtenberg-apotheke.at\/katalog\/wp-json\/wp\/v2\/product"}],"about":[{"href":"https:\/\/www.hirtenberg-apotheke.at\/katalog\/wp-json\/wp\/v2\/types\/product"}],"wp:attachment":[{"href":"https:\/\/www.hirtenberg-apotheke.at\/katalog\/wp-json\/wp\/v2\/media?parent=44961"}],"wp:term":[{"taxonomy":"product_brand","embeddable":true,"href":"https:\/\/www.hirtenberg-apotheke.at\/katalog\/wp-json\/wp\/v2\/product_brand?post=44961"},{"taxonomy":"product_cat","embeddable":true,"href":"https:\/\/www.hirtenberg-apotheke.at\/katalog\/wp-json\/wp\/v2\/product_cat?post=44961"},{"taxonomy":"product_tag","embeddable":true,"href":"https:\/\/www.hirtenberg-apotheke.at\/katalog\/wp-json\/wp\/v2\/product_tag?post=44961"}],"curies":[{"name":"wp","href":"https:\/\/api.w.org\/{rel}","templated":true}]}}