{"id":45005,"date":"2025-11-26T09:46:57","date_gmt":"2025-11-26T08:46:57","guid":{"rendered":"https:\/\/www.hirtenberg-apotheke.at\/katalog\/produkt\/wc-papiersitze-fuer-die-reise-10-stk\/"},"modified":"2025-11-26T09:47:39","modified_gmt":"2025-11-26T08:47:39","slug":"wc-papiersitze-fuer-die-reise-10-stk","status":"publish","type":"product","link":"https:\/\/www.hirtenberg-apotheke.at\/katalog\/produkt\/wc-papiersitze-fuer-die-reise-10-stk\/","title":{"rendered":"WC-Papiersitze f\u00fcr die Reise 10 Stk."},"content":{"rendered":"<p>WC-Papiersitze f\u00fcr die Reise 10 Stk. sind Toiletten-Brillen-Abdeckungen aus Papier, welche Sie auf Reisen vor Bakterien jeglicher Art sch\u00fctzen.<\/p>\n","protected":false},"excerpt":{"rendered":"<p>WC-Papiersitze f\u00fcr die Reise 10 Stk. sind Toiletten-Brillen-Abdeckungen aus Papier, welche Sie auf Reisen vor Bakterien jeglicher Art sch\u00fctzen.<\/p>\n","protected":false},"featured_media":0,"template":"","meta":{"_acf_changed":false},"product_brand":[],"product_cat":[368],"product_tag":[],"class_list":{"0":"post-45005","1":"product","2":"type-product","3":"status-publish","5":"product_cat-w","6":"pa_packungsgroesse-10-stueck","8":"first","9":"instock","10":"shipping-taxable","11":"purchasable","12":"product-type-simple"},"acf":[],"_links":{"self":[{"href":"https:\/\/www.hirtenberg-apotheke.at\/katalog\/wp-json\/wp\/v2\/product\/45005","targetHints":{"allow":["GET"]}}],"collection":[{"href":"https:\/\/www.hirtenberg-apotheke.at\/katalog\/wp-json\/wp\/v2\/product"}],"about":[{"href":"https:\/\/www.hirtenberg-apotheke.at\/katalog\/wp-json\/wp\/v2\/types\/product"}],"wp:attachment":[{"href":"https:\/\/www.hirtenberg-apotheke.at\/katalog\/wp-json\/wp\/v2\/media?parent=45005"}],"wp:term":[{"taxonomy":"product_brand","embeddable":true,"href":"https:\/\/www.hirtenberg-apotheke.at\/katalog\/wp-json\/wp\/v2\/product_brand?post=45005"},{"taxonomy":"product_cat","embeddable":true,"href":"https:\/\/www.hirtenberg-apotheke.at\/katalog\/wp-json\/wp\/v2\/product_cat?post=45005"},{"taxonomy":"product_tag","embeddable":true,"href":"https:\/\/www.hirtenberg-apotheke.at\/katalog\/wp-json\/wp\/v2\/product_tag?post=45005"}],"curies":[{"name":"wp","href":"https:\/\/api.w.org\/{rel}","templated":true}]}}