{"id":45016,"date":"2025-11-26T09:47:43","date_gmt":"2025-11-26T08:47:43","guid":{"rendered":"https:\/\/www.hirtenberg-apotheke.at\/katalog\/produkt\/bioderma-hydrabio-creme-50-ml\/"},"modified":"2025-11-26T09:48:01","modified_gmt":"2025-11-26T08:48:01","slug":"bioderma-hydrabio-creme-50-ml","status":"publish","type":"product","link":"https:\/\/www.hirtenberg-apotheke.at\/katalog\/produkt\/bioderma-hydrabio-creme-50-ml\/","title":{"rendered":"Bioderma Hydrabio Creme 50 ml"},"content":{"rendered":"<p>Bioderma Hydrabio Creme 50 ml ist eine intensive, reichhaltige Feuchtigkeitspflege. F\u00fcr empfindliche, trockene bis sehr trockene Haut. Feuchtigkeitsspendend durch Patent Aquagenium\u00ae und Hyalurons\u00e4ure. Vitamin E wirkt als Zellschutz (Anti-Aging). Bei ausgepr\u00e4gten Spannungsgef\u00fchlen. Ohne Parabene, frischer Duft.<\/p>\n","protected":false},"excerpt":{"rendered":"<p>Bioderma Hydrabio Creme 50 ml ist eine intensive, reichhaltige Feuchtigkeitspflege. F\u00fcr empfindliche, trockene bis sehr trockene Haut. Feuchtigkeitsspendend durch Patent Aquagenium\u00ae und Hyalurons\u00e4ure. Vitamin E wirkt als Zellschutz (Anti-Aging). Bei ausgepr\u00e4gten Spannungsgef\u00fchlen. Ohne Parabene, frischer Duft.<\/p>\n","protected":false},"featured_media":45018,"template":"","meta":{"_acf_changed":false},"product_brand":[675],"product_cat":[292],"product_tag":[],"class_list":{"0":"post-45016","1":"product","2":"type-product","3":"status-publish","4":"has-post-thumbnail","6":"product_brand-bioderma","7":"product_cat-b","8":"pa_packungsgroesse-50ml","10":"first","11":"instock","12":"shipping-taxable","13":"purchasable","14":"product-type-simple"},"acf":[],"_links":{"self":[{"href":"https:\/\/www.hirtenberg-apotheke.at\/katalog\/wp-json\/wp\/v2\/product\/45016","targetHints":{"allow":["GET"]}}],"collection":[{"href":"https:\/\/www.hirtenberg-apotheke.at\/katalog\/wp-json\/wp\/v2\/product"}],"about":[{"href":"https:\/\/www.hirtenberg-apotheke.at\/katalog\/wp-json\/wp\/v2\/types\/product"}],"wp:featuredmedia":[{"embeddable":true,"href":"https:\/\/www.hirtenberg-apotheke.at\/katalog\/wp-json\/wp\/v2\/media\/45018"}],"wp:attachment":[{"href":"https:\/\/www.hirtenberg-apotheke.at\/katalog\/wp-json\/wp\/v2\/media?parent=45016"}],"wp:term":[{"taxonomy":"product_brand","embeddable":true,"href":"https:\/\/www.hirtenberg-apotheke.at\/katalog\/wp-json\/wp\/v2\/product_brand?post=45016"},{"taxonomy":"product_cat","embeddable":true,"href":"https:\/\/www.hirtenberg-apotheke.at\/katalog\/wp-json\/wp\/v2\/product_cat?post=45016"},{"taxonomy":"product_tag","embeddable":true,"href":"https:\/\/www.hirtenberg-apotheke.at\/katalog\/wp-json\/wp\/v2\/product_tag?post=45016"}],"curies":[{"name":"wp","href":"https:\/\/api.w.org\/{rel}","templated":true}]}}