{"id":45281,"date":"2025-11-26T09:53:00","date_gmt":"2025-11-26T08:53:00","guid":{"rendered":"https:\/\/www.hirtenberg-apotheke.at\/katalog\/produkt\/prostamax-ehrmed-kapseln-60-stk\/"},"modified":"2025-11-26T09:53:04","modified_gmt":"2025-11-26T08:53:04","slug":"prostamax-ehrmed-kapseln-60-stk","status":"publish","type":"product","link":"https:\/\/www.hirtenberg-apotheke.at\/katalog\/produkt\/prostamax-ehrmed-kapseln-60-stk\/","title":{"rendered":"Prostamax Ehrmed Kapseln 60 Stk."},"content":{"rendered":"<p>Prostamax Ehrmed gilt als nat\u00fcrliche Unterst\u00fctzung f\u00fcr die Prostatagesundheit mit S\u00e4gepalm-, K\u00fcrbiskern-, und Brennnesselwurzelextrakt und tr\u00e4gt zu einer normalen Funktion von Prostata und Blase bei &#8211; dauerhaft preisreduziert bestellen!<\/p>\n","protected":false},"excerpt":{"rendered":"<p>Prostamax Ehrmed gilt als nat\u00fcrliche Unterst\u00fctzung f\u00fcr die Prostatagesundheit mit S\u00e4gepalm-, K\u00fcrbiskern-, und Brennnesselwurzelextrakt und tr\u00e4gt zu einer normalen Funktion von Prostata und Blase bei &#8211; dauerhaft preisreduziert bestellen!<\/p>\n","protected":false},"featured_media":45283,"template":"","meta":{"_acf_changed":false},"product_brand":[],"product_cat":[302],"product_tag":[],"class_list":{"0":"post-45281","1":"product","2":"type-product","3":"status-publish","4":"has-post-thumbnail","6":"product_cat-p","7":"pa_packungsgroesse-60-stueck","9":"first","10":"instock","11":"shipping-taxable","12":"purchasable","13":"product-type-simple"},"acf":[],"_links":{"self":[{"href":"https:\/\/www.hirtenberg-apotheke.at\/katalog\/wp-json\/wp\/v2\/product\/45281","targetHints":{"allow":["GET"]}}],"collection":[{"href":"https:\/\/www.hirtenberg-apotheke.at\/katalog\/wp-json\/wp\/v2\/product"}],"about":[{"href":"https:\/\/www.hirtenberg-apotheke.at\/katalog\/wp-json\/wp\/v2\/types\/product"}],"wp:featuredmedia":[{"embeddable":true,"href":"https:\/\/www.hirtenberg-apotheke.at\/katalog\/wp-json\/wp\/v2\/media\/45283"}],"wp:attachment":[{"href":"https:\/\/www.hirtenberg-apotheke.at\/katalog\/wp-json\/wp\/v2\/media?parent=45281"}],"wp:term":[{"taxonomy":"product_brand","embeddable":true,"href":"https:\/\/www.hirtenberg-apotheke.at\/katalog\/wp-json\/wp\/v2\/product_brand?post=45281"},{"taxonomy":"product_cat","embeddable":true,"href":"https:\/\/www.hirtenberg-apotheke.at\/katalog\/wp-json\/wp\/v2\/product_cat?post=45281"},{"taxonomy":"product_tag","embeddable":true,"href":"https:\/\/www.hirtenberg-apotheke.at\/katalog\/wp-json\/wp\/v2\/product_tag?post=45281"}],"curies":[{"name":"wp","href":"https:\/\/api.w.org\/{rel}","templated":true}]}}