{"id":45306,"date":"2025-11-26T09:53:00","date_gmt":"2025-11-26T08:53:00","guid":{"rendered":"https:\/\/www.hirtenberg-apotheke.at\/katalog\/produkt\/probiotik-protect-30-x-2-g\/"},"modified":"2025-11-26T09:53:45","modified_gmt":"2025-11-26T08:53:45","slug":"probiotik-protect-30-x-2-g","status":"publish","type":"product","link":"https:\/\/www.hirtenberg-apotheke.at\/katalog\/produkt\/probiotik-protect-30-x-2-g\/","title":{"rendered":"Probiotik Protect 30 x 2 g"},"content":{"rendered":"<p>Probiotik Protect ist ein Nahrungserg\u00e4nzungsmittel, das einen aufeinander abgestimmten Komplex aus 11 nat\u00fcrlichen, stoffwechselaktiven Bakterienkulturen sowie Vitamin B2 enth\u00e4lt. Au\u00dferdem beinhaltet es die Gattungen der Laktobazillen, Bifidobakterien, Enterokokken und Laktokokken.<\/p>\n","protected":false},"excerpt":{"rendered":"<p>Probiotik Protect ist ein Nahrungserg\u00e4nzungsmittel, das einen aufeinander abgestimmten Komplex aus 11 nat\u00fcrlichen, stoffwechselaktiven Bakterienkulturen sowie Vitamin B2 enth\u00e4lt. Au\u00dferdem beinhaltet es die Gattungen der Laktobazillen, Bifidobakterien, Enterokokken und Laktokokken.<\/p>\n","protected":false},"featured_media":45308,"template":"","meta":{"_acf_changed":false},"product_brand":[],"product_cat":[302],"product_tag":[],"class_list":{"0":"post-45306","1":"product","2":"type-product","3":"status-publish","4":"has-post-thumbnail","6":"product_cat-p","7":"pa_packungsgroesse-30-beutel","9":"first","10":"instock","11":"shipping-taxable","12":"purchasable","13":"product-type-simple"},"acf":[],"_links":{"self":[{"href":"https:\/\/www.hirtenberg-apotheke.at\/katalog\/wp-json\/wp\/v2\/product\/45306","targetHints":{"allow":["GET"]}}],"collection":[{"href":"https:\/\/www.hirtenberg-apotheke.at\/katalog\/wp-json\/wp\/v2\/product"}],"about":[{"href":"https:\/\/www.hirtenberg-apotheke.at\/katalog\/wp-json\/wp\/v2\/types\/product"}],"wp:featuredmedia":[{"embeddable":true,"href":"https:\/\/www.hirtenberg-apotheke.at\/katalog\/wp-json\/wp\/v2\/media\/45308"}],"wp:attachment":[{"href":"https:\/\/www.hirtenberg-apotheke.at\/katalog\/wp-json\/wp\/v2\/media?parent=45306"}],"wp:term":[{"taxonomy":"product_brand","embeddable":true,"href":"https:\/\/www.hirtenberg-apotheke.at\/katalog\/wp-json\/wp\/v2\/product_brand?post=45306"},{"taxonomy":"product_cat","embeddable":true,"href":"https:\/\/www.hirtenberg-apotheke.at\/katalog\/wp-json\/wp\/v2\/product_cat?post=45306"},{"taxonomy":"product_tag","embeddable":true,"href":"https:\/\/www.hirtenberg-apotheke.at\/katalog\/wp-json\/wp\/v2\/product_tag?post=45306"}],"curies":[{"name":"wp","href":"https:\/\/api.w.org\/{rel}","templated":true}]}}