{"id":45428,"date":"2025-11-26T09:55:45","date_gmt":"2025-11-26T08:55:45","guid":{"rendered":"https:\/\/www.hirtenberg-apotheke.at\/katalog\/produkt\/podosyn-fuss-deo-pudergel-75-ml\/"},"modified":"2025-11-26T09:55:50","modified_gmt":"2025-11-26T08:55:50","slug":"podosyn-fuss-deo-pudergel-75-ml","status":"publish","type":"product","link":"https:\/\/www.hirtenberg-apotheke.at\/katalog\/produkt\/podosyn-fuss-deo-pudergel-75-ml\/","title":{"rendered":"Podosyn Fu\u00df Deo-Pudergel 75 ml"},"content":{"rendered":"<p>Podosyn Fu\u00df Deo-Pudergel befreit von l\u00e4stigen Fu\u00dfschwei\u00df und stoppt Schwei\u00df und Geruch noch bevor sie entstehen. Die Gelkomponente mit den pflegenden Inhaltsstoffen zieht rasch in die Haut ein . F\u00fcr angenehm trockene und frische F\u00fc\u00dfe.<\/p>\n","protected":false},"excerpt":{"rendered":"<p>Podosyn Fu\u00df Deo-Pudergel befreit von l\u00e4stigen Fu\u00dfschwei\u00df und stoppt Schwei\u00df und Geruch noch bevor sie entstehen. Die Gelkomponente mit den pflegenden Inhaltsstoffen zieht rasch in die Haut ein . F\u00fcr angenehm trockene und frische F\u00fc\u00dfe.<\/p>\n","protected":false},"featured_media":45430,"template":"","meta":{"_acf_changed":false},"product_brand":[],"product_cat":[302],"product_tag":[],"class_list":{"0":"post-45428","1":"product","2":"type-product","3":"status-publish","4":"has-post-thumbnail","6":"product_cat-p","7":"pa_packungsgroesse-75ml","9":"first","10":"instock","11":"shipping-taxable","12":"purchasable","13":"product-type-simple"},"acf":[],"_links":{"self":[{"href":"https:\/\/www.hirtenberg-apotheke.at\/katalog\/wp-json\/wp\/v2\/product\/45428","targetHints":{"allow":["GET"]}}],"collection":[{"href":"https:\/\/www.hirtenberg-apotheke.at\/katalog\/wp-json\/wp\/v2\/product"}],"about":[{"href":"https:\/\/www.hirtenberg-apotheke.at\/katalog\/wp-json\/wp\/v2\/types\/product"}],"wp:featuredmedia":[{"embeddable":true,"href":"https:\/\/www.hirtenberg-apotheke.at\/katalog\/wp-json\/wp\/v2\/media\/45430"}],"wp:attachment":[{"href":"https:\/\/www.hirtenberg-apotheke.at\/katalog\/wp-json\/wp\/v2\/media?parent=45428"}],"wp:term":[{"taxonomy":"product_brand","embeddable":true,"href":"https:\/\/www.hirtenberg-apotheke.at\/katalog\/wp-json\/wp\/v2\/product_brand?post=45428"},{"taxonomy":"product_cat","embeddable":true,"href":"https:\/\/www.hirtenberg-apotheke.at\/katalog\/wp-json\/wp\/v2\/product_cat?post=45428"},{"taxonomy":"product_tag","embeddable":true,"href":"https:\/\/www.hirtenberg-apotheke.at\/katalog\/wp-json\/wp\/v2\/product_tag?post=45428"}],"curies":[{"name":"wp","href":"https:\/\/api.w.org\/{rel}","templated":true}]}}