{"id":45484,"date":"2025-11-26T09:56:19","date_gmt":"2025-11-26T08:56:19","guid":{"rendered":"https:\/\/www.hirtenberg-apotheke.at\/katalog\/produkt\/hyaluron-sonnenpflege-gesicht-lsf-50-50-ml\/"},"modified":"2025-11-26T09:56:56","modified_gmt":"2025-11-26T08:56:56","slug":"hyaluron-sonnenpflege-gesicht-lsf-50-50-ml","status":"publish","type":"product","link":"https:\/\/www.hirtenberg-apotheke.at\/katalog\/produkt\/hyaluron-sonnenpflege-gesicht-lsf-50-50-ml\/","title":{"rendered":"Hyaluron Sonnenpflege Gesicht LSF 50+ 50 ml"},"content":{"rendered":"<p>Hyaloron Sonnenpflege Gesicht LSF 50+ sch\u00fctzt, wirkt vorzeitiger Hautalterung entgegen und spendet intensive Feuchtigkei. Der enthaltene Wirkkomplex mit Hyalurons\u00e4ure in pharmazeutisch reiner Qualit\u00e4t und Schutzeffekt gegen vorzeitige Hautalterung aufgrund von Hitzestress gleicht den Feuchtigkeitsverlust der Haut ideal aus, polstert von innen auf und reduziert die Faltentiefe<\/p>\n","protected":false},"excerpt":{"rendered":"<p>Hyaloron Sonnenpflege Gesicht LSF 50+ sch\u00fctzt, wirkt vorzeitiger Hautalterung entgegen und spendet intensive Feuchtigkei. Der enthaltene Wirkkomplex mit Hyalurons\u00e4ure in pharmazeutisch reiner Qualit\u00e4t und Schutzeffekt gegen vorzeitige Hautalterung aufgrund von Hitzestress gleicht den Feuchtigkeitsverlust der Haut ideal aus, polstert von innen auf und reduziert die Faltentiefe<\/p>\n","protected":false},"featured_media":45486,"template":"","meta":{"_acf_changed":false},"product_brand":[],"product_cat":[330],"product_tag":[],"class_list":{"0":"post-45484","1":"product","2":"type-product","3":"status-publish","4":"has-post-thumbnail","6":"product_cat-h","7":"pa_packungsgroesse-50ml","9":"first","10":"instock","11":"shipping-taxable","12":"purchasable","13":"product-type-simple"},"acf":[],"_links":{"self":[{"href":"https:\/\/www.hirtenberg-apotheke.at\/katalog\/wp-json\/wp\/v2\/product\/45484","targetHints":{"allow":["GET"]}}],"collection":[{"href":"https:\/\/www.hirtenberg-apotheke.at\/katalog\/wp-json\/wp\/v2\/product"}],"about":[{"href":"https:\/\/www.hirtenberg-apotheke.at\/katalog\/wp-json\/wp\/v2\/types\/product"}],"wp:featuredmedia":[{"embeddable":true,"href":"https:\/\/www.hirtenberg-apotheke.at\/katalog\/wp-json\/wp\/v2\/media\/45486"}],"wp:attachment":[{"href":"https:\/\/www.hirtenberg-apotheke.at\/katalog\/wp-json\/wp\/v2\/media?parent=45484"}],"wp:term":[{"taxonomy":"product_brand","embeddable":true,"href":"https:\/\/www.hirtenberg-apotheke.at\/katalog\/wp-json\/wp\/v2\/product_brand?post=45484"},{"taxonomy":"product_cat","embeddable":true,"href":"https:\/\/www.hirtenberg-apotheke.at\/katalog\/wp-json\/wp\/v2\/product_cat?post=45484"},{"taxonomy":"product_tag","embeddable":true,"href":"https:\/\/www.hirtenberg-apotheke.at\/katalog\/wp-json\/wp\/v2\/product_tag?post=45484"}],"curies":[{"name":"wp","href":"https:\/\/api.w.org\/{rel}","templated":true}]}}