{"id":45670,"date":"2025-11-26T09:59:53","date_gmt":"2025-11-26T08:59:53","guid":{"rendered":"https:\/\/www.hirtenberg-apotheke.at\/katalog\/produkt\/dermaplast-active-cool-gel-100-ml\/"},"modified":"2025-11-26T10:00:33","modified_gmt":"2025-11-26T09:00:33","slug":"dermaplast-active-cool-gel-100-ml","status":"publish","type":"product","link":"https:\/\/www.hirtenberg-apotheke.at\/katalog\/produkt\/dermaplast-active-cool-gel-100-ml\/","title":{"rendered":"DermaPlast ACTIVE Cool Gel 100 ml"},"content":{"rendered":"<p>ebenso vorbeugend gegen Muskelkater und zur Aktivierung m\u00fcder und schwerer Beine einsetzbar \u0096 jetzt bestellen und 3 Tagesportionen Orthomol arthroplus gratis erhalten! Das DermaPlast\u00ae ACTIVE Cool Gel 100 ml wirkt k\u00fchlend und schmerzlindernd nach k\u00f6rperlicher Anstrengung oder bei stumpfen Traumata wie Prellungen oder Zerrungen. Das k\u00fchlende Gel ist ideal f\u00fcr die K\u00e4ltetherapie bei Sportverletzungen wie z. B. Prellungen oder Zerrungen. Durch das Menthol k\u00fchlt es die Haut, lindert den Schmerz und vermindert ein Anschwellen bei stumpfen Verletzungen  ebenso vorbeugend gegen Muskelkater und zur Aktivierung m\u00fcder und schwerer Beine einsetzbar.<\/p>\n","protected":false},"excerpt":{"rendered":"<p>ebenso vorbeugend gegen Muskelkater und zur Aktivierung m\u00fcder und schwerer Beine einsetzbar \u0096 jetzt bestellen und 3 Tagesportionen Orthomol arthroplus gratis erhalten! Das DermaPlast\u00ae ACTIVE Cool Gel 100 ml wirkt k\u00fchlend und schmerzlindernd nach k\u00f6rperlicher Anstrengung oder bei stumpfen Traumata wie Prellungen oder Zerrungen. Das k\u00fchlende Gel ist ideal f\u00fcr die K\u00e4ltetherapie bei Sportverletzungen wie [&hellip;]<\/p>\n","protected":false},"featured_media":45672,"template":"","meta":{"_acf_changed":false},"product_brand":[],"product_cat":[295],"product_tag":[],"class_list":{"0":"post-45670","1":"product","2":"type-product","3":"status-publish","4":"has-post-thumbnail","6":"product_cat-d","7":"pa_packungsgroesse-100ml","9":"first","10":"instock","11":"shipping-taxable","12":"purchasable","13":"product-type-simple"},"acf":[],"_links":{"self":[{"href":"https:\/\/www.hirtenberg-apotheke.at\/katalog\/wp-json\/wp\/v2\/product\/45670","targetHints":{"allow":["GET"]}}],"collection":[{"href":"https:\/\/www.hirtenberg-apotheke.at\/katalog\/wp-json\/wp\/v2\/product"}],"about":[{"href":"https:\/\/www.hirtenberg-apotheke.at\/katalog\/wp-json\/wp\/v2\/types\/product"}],"wp:featuredmedia":[{"embeddable":true,"href":"https:\/\/www.hirtenberg-apotheke.at\/katalog\/wp-json\/wp\/v2\/media\/45672"}],"wp:attachment":[{"href":"https:\/\/www.hirtenberg-apotheke.at\/katalog\/wp-json\/wp\/v2\/media?parent=45670"}],"wp:term":[{"taxonomy":"product_brand","embeddable":true,"href":"https:\/\/www.hirtenberg-apotheke.at\/katalog\/wp-json\/wp\/v2\/product_brand?post=45670"},{"taxonomy":"product_cat","embeddable":true,"href":"https:\/\/www.hirtenberg-apotheke.at\/katalog\/wp-json\/wp\/v2\/product_cat?post=45670"},{"taxonomy":"product_tag","embeddable":true,"href":"https:\/\/www.hirtenberg-apotheke.at\/katalog\/wp-json\/wp\/v2\/product_tag?post=45670"}],"curies":[{"name":"wp","href":"https:\/\/api.w.org\/{rel}","templated":true}]}}