{"id":45846,"date":"2025-11-26T10:56:33","date_gmt":"2025-11-26T09:56:33","guid":{"rendered":"https:\/\/www.hirtenberg-apotheke.at\/katalog\/produkt\/dr-hauschka-rosen-bad-harmonisierende-bademilch\/"},"modified":"2025-11-26T10:56:36","modified_gmt":"2025-11-26T09:56:36","slug":"dr-hauschka-rosen-bad-harmonisierende-bademilch","status":"publish","type":"product","link":"https:\/\/www.hirtenberg-apotheke.at\/katalog\/produkt\/dr-hauschka-rosen-bad-harmonisierende-bademilch\/","title":{"rendered":"Dr. Hauschka ROSEN BAD harmonisierende Bademilch"},"content":{"rendered":"<p>Dr. Hauschka Bad ist eine ausgew\u00e4hlte Komposition \u00e4therischer \u00d6le, welche den K\u00f6rper mild pflegt. B\u00e4der der Marke Hauschka regenerieren beanspruchte Haut. Regelm\u00e4\u00dfig angewendet, machen sie die Haut wieder zart und weich.<\/p>\n","protected":false},"excerpt":{"rendered":"<p>Dr. Hauschka Bad ist eine ausgew\u00e4hlte Komposition \u00e4therischer \u00d6le, welche den K\u00f6rper mild pflegt. B\u00e4der der Marke Hauschka regenerieren beanspruchte Haut. Regelm\u00e4\u00dfig angewendet, machen sie die Haut wieder zart und weich.<\/p>\n","protected":false},"featured_media":45848,"template":"","meta":{"_acf_changed":false},"product_brand":[695],"product_cat":[295],"product_tag":[],"class_list":{"0":"post-45846","1":"product","2":"type-product","3":"status-publish","4":"has-post-thumbnail","6":"product_brand-dr-hauschka","7":"product_cat-d","8":"pa_packungsgroesse-100ml","10":"first","11":"instock","12":"shipping-taxable","13":"purchasable","14":"product-type-simple"},"acf":[],"_links":{"self":[{"href":"https:\/\/www.hirtenberg-apotheke.at\/katalog\/wp-json\/wp\/v2\/product\/45846","targetHints":{"allow":["GET"]}}],"collection":[{"href":"https:\/\/www.hirtenberg-apotheke.at\/katalog\/wp-json\/wp\/v2\/product"}],"about":[{"href":"https:\/\/www.hirtenberg-apotheke.at\/katalog\/wp-json\/wp\/v2\/types\/product"}],"wp:featuredmedia":[{"embeddable":true,"href":"https:\/\/www.hirtenberg-apotheke.at\/katalog\/wp-json\/wp\/v2\/media\/45848"}],"wp:attachment":[{"href":"https:\/\/www.hirtenberg-apotheke.at\/katalog\/wp-json\/wp\/v2\/media?parent=45846"}],"wp:term":[{"taxonomy":"product_brand","embeddable":true,"href":"https:\/\/www.hirtenberg-apotheke.at\/katalog\/wp-json\/wp\/v2\/product_brand?post=45846"},{"taxonomy":"product_cat","embeddable":true,"href":"https:\/\/www.hirtenberg-apotheke.at\/katalog\/wp-json\/wp\/v2\/product_cat?post=45846"},{"taxonomy":"product_tag","embeddable":true,"href":"https:\/\/www.hirtenberg-apotheke.at\/katalog\/wp-json\/wp\/v2\/product_tag?post=45846"}],"curies":[{"name":"wp","href":"https:\/\/api.w.org\/{rel}","templated":true}]}}