{"id":45856,"date":"2025-11-26T10:56:33","date_gmt":"2025-11-26T09:56:33","guid":{"rendered":"https:\/\/www.hirtenberg-apotheke.at\/katalog\/produkt\/canal-nagelzange-rostfrei-2\/"},"modified":"2025-11-26T10:56:44","modified_gmt":"2025-11-26T09:56:44","slug":"canal-nagelzange-rostfrei-2","status":"publish","type":"product","link":"https:\/\/www.hirtenberg-apotheke.at\/katalog\/produkt\/canal-nagelzange-rostfrei-2\/","title":{"rendered":"Canal Nagelzange rostfrei"},"content":{"rendered":"<p>&#8211; Ideal zum k\u00fcrzen von sehr dicken N\u00e4geln<\/p>\n<p>&#8211; Sehr langlebig &#8211; handgeschmiedete Gelenke anstelle von Schrauben<\/p>\n<p>&#8211; Hygienisch und anti-allergen dank rostfreiem Edelstahl<\/p>\n<p>&#8211; Auch f\u00fcr Linksh\u00e4nder geeignet<\/p>\n<p>L x B x H: 14 x 4,5 x 1 cm<\/p>\n<p><strong>Was unterscheidet canal Zangen von anderen?<\/strong><\/p>\n<p>Jede canal Zange wird von Hand geschliffen und zeichnet sich durch feinste Spitzen und genau aufeinander abgestimmte Schneidfl\u00e4chen aus. Die perfekten Zangenspitzen schlie\u00dfen beim Schneiden. Durch ihre Gr\u00f6\u00dfe ist die Nagelzange ideal f\u00fcr sehr dicke und robuste N\u00e4gel. Dank der Verarbeitung ohne Schrauben hat die Zange eine sehr hohe Stabilit\u00e4t. Alle rostfreien canal Zangen sind nachschleifbar &#8211; umweltfreundlich, nachhaltig und garantierte lebenslange Freude.<\/p>\n<p><strong>Qualit\u00e4t sp\u00fcren und erleben!<\/strong><\/p>\n","protected":false},"excerpt":{"rendered":"<p>&#8211; Ideal zum k\u00fcrzen von sehr dicken N\u00e4geln &#8211; Sehr langlebig &#8211; handgeschmiedete Gelenke anstelle von Schrauben &#8211; Hygienisch und anti-allergen dank rostfreiem Edelstahl &#8211; Auch f\u00fcr Linksh\u00e4nder geeignet L x B x H: 14 x 4,5 x 1 cm Was unterscheidet canal Zangen von anderen? Jede canal Zange wird von Hand geschliffen und zeichnet [&hellip;]<\/p>\n","protected":false},"featured_media":45858,"template":"","meta":{"_acf_changed":false},"product_brand":[1123],"product_cat":[337],"product_tag":[],"class_list":{"0":"post-45856","1":"product","2":"type-product","3":"status-publish","4":"has-post-thumbnail","6":"product_brand-canal","7":"product_cat-c","8":"pa_packungsgroesse-1-stueck","10":"first","11":"instock","12":"shipping-taxable","13":"purchasable","14":"product-type-simple"},"acf":[],"_links":{"self":[{"href":"https:\/\/www.hirtenberg-apotheke.at\/katalog\/wp-json\/wp\/v2\/product\/45856","targetHints":{"allow":["GET"]}}],"collection":[{"href":"https:\/\/www.hirtenberg-apotheke.at\/katalog\/wp-json\/wp\/v2\/product"}],"about":[{"href":"https:\/\/www.hirtenberg-apotheke.at\/katalog\/wp-json\/wp\/v2\/types\/product"}],"wp:featuredmedia":[{"embeddable":true,"href":"https:\/\/www.hirtenberg-apotheke.at\/katalog\/wp-json\/wp\/v2\/media\/45858"}],"wp:attachment":[{"href":"https:\/\/www.hirtenberg-apotheke.at\/katalog\/wp-json\/wp\/v2\/media?parent=45856"}],"wp:term":[{"taxonomy":"product_brand","embeddable":true,"href":"https:\/\/www.hirtenberg-apotheke.at\/katalog\/wp-json\/wp\/v2\/product_brand?post=45856"},{"taxonomy":"product_cat","embeddable":true,"href":"https:\/\/www.hirtenberg-apotheke.at\/katalog\/wp-json\/wp\/v2\/product_cat?post=45856"},{"taxonomy":"product_tag","embeddable":true,"href":"https:\/\/www.hirtenberg-apotheke.at\/katalog\/wp-json\/wp\/v2\/product_tag?post=45856"}],"curies":[{"name":"wp","href":"https:\/\/api.w.org\/{rel}","templated":true}]}}