{"id":45866,"date":"2025-11-26T10:56:33","date_gmt":"2025-11-26T09:56:33","guid":{"rendered":"https:\/\/www.hirtenberg-apotheke.at\/katalog\/produkt\/delima-feminin-supp-10-stk\/"},"modified":"2025-11-26T10:56:49","modified_gmt":"2025-11-26T09:56:49","slug":"delima-feminin-supp-10-stk","status":"publish","type":"product","link":"https:\/\/www.hirtenberg-apotheke.at\/katalog\/produkt\/delima-feminin-supp-10-stk\/","title":{"rendered":"Delima Feminin Supp 10 Stk."},"content":{"rendered":"<p>Delima Feminin Vaginalz\u00e4pfchen f\u00fchren durch die Komposition aus pflanzlichen \u00d6len, insbesondere des Granatapfels, zu einer wohltuenden Gleitwirkung und Feuchtigkeit im Scheidenbereich. So k\u00f6nnen Frauen auch in den Wechseljahren ein genussvolles sowie unbeschwertes Intimleben genie\u00dfen und dabei das Gef\u00fchl, ganz Frau zu sein, bewahren.<\/p>\n","protected":false},"excerpt":{"rendered":"<p>Delima Feminin Vaginalz\u00e4pfchen f\u00fchren durch die Komposition aus pflanzlichen \u00d6len, insbesondere des Granatapfels, zu einer wohltuenden Gleitwirkung und Feuchtigkeit im Scheidenbereich. So k\u00f6nnen Frauen auch in den Wechseljahren ein genussvolles sowie unbeschwertes Intimleben genie\u00dfen und dabei das Gef\u00fchl, ganz Frau zu sein, bewahren.<\/p>\n","protected":false},"featured_media":45868,"template":"","meta":{"_acf_changed":false},"product_brand":[],"product_cat":[295],"product_tag":[],"class_list":{"0":"post-45866","1":"product","2":"type-product","3":"status-publish","4":"has-post-thumbnail","6":"product_cat-d","7":"pa_packungsgroesse-10-stueck","9":"first","10":"instock","11":"shipping-taxable","12":"purchasable","13":"product-type-simple"},"acf":[],"_links":{"self":[{"href":"https:\/\/www.hirtenberg-apotheke.at\/katalog\/wp-json\/wp\/v2\/product\/45866","targetHints":{"allow":["GET"]}}],"collection":[{"href":"https:\/\/www.hirtenberg-apotheke.at\/katalog\/wp-json\/wp\/v2\/product"}],"about":[{"href":"https:\/\/www.hirtenberg-apotheke.at\/katalog\/wp-json\/wp\/v2\/types\/product"}],"wp:featuredmedia":[{"embeddable":true,"href":"https:\/\/www.hirtenberg-apotheke.at\/katalog\/wp-json\/wp\/v2\/media\/45868"}],"wp:attachment":[{"href":"https:\/\/www.hirtenberg-apotheke.at\/katalog\/wp-json\/wp\/v2\/media?parent=45866"}],"wp:term":[{"taxonomy":"product_brand","embeddable":true,"href":"https:\/\/www.hirtenberg-apotheke.at\/katalog\/wp-json\/wp\/v2\/product_brand?post=45866"},{"taxonomy":"product_cat","embeddable":true,"href":"https:\/\/www.hirtenberg-apotheke.at\/katalog\/wp-json\/wp\/v2\/product_cat?post=45866"},{"taxonomy":"product_tag","embeddable":true,"href":"https:\/\/www.hirtenberg-apotheke.at\/katalog\/wp-json\/wp\/v2\/product_tag?post=45866"}],"curies":[{"name":"wp","href":"https:\/\/api.w.org\/{rel}","templated":true}]}}