{"id":45912,"date":"2025-11-26T10:57:38","date_gmt":"2025-11-26T09:57:38","guid":{"rendered":"https:\/\/www.hirtenberg-apotheke.at\/katalog\/produkt\/orthomol-magnesium-plus-kapseln-60-stk\/"},"modified":"2025-11-26T10:57:48","modified_gmt":"2025-11-26T09:57:48","slug":"orthomol-magnesium-plus-kapseln-60-stk","status":"publish","type":"product","link":"https:\/\/www.hirtenberg-apotheke.at\/katalog\/produkt\/orthomol-magnesium-plus-kapseln-60-stk\/","title":{"rendered":"Orthomol Magnesium Plus Kapseln 60 Stk."},"content":{"rendered":"<p>Orthomol Magnesium Plus Kapseln 60 Stk. ist ein Nahrungserg\u00e4nzungsmittel mit Magnesium als Beitrag zu einer normalen Muskelfunktion und Superoxid-Dismutase aus Melonenfruchtsaft-Konzentrat. Magnesium tr\u00e4gt unter anderem zu einer normalen Muskelfunktion und zum Elektrolytgleichgewicht bei. Weiters unterst\u00fctzt es dir Verringerung von M\u00fcdigkeit und Erm\u00fcdung sowie einen normalen Energiestoffwechsel<\/p>\n","protected":false},"excerpt":{"rendered":"<p>Orthomol Magnesium Plus Kapseln 60 Stk. ist ein Nahrungserg\u00e4nzungsmittel mit Magnesium als Beitrag zu einer normalen Muskelfunktion und Superoxid-Dismutase aus Melonenfruchtsaft-Konzentrat. Magnesium tr\u00e4gt unter anderem zu einer normalen Muskelfunktion und zum Elektrolytgleichgewicht bei. Weiters unterst\u00fctzt es dir Verringerung von M\u00fcdigkeit und Erm\u00fcdung sowie einen normalen Energiestoffwechsel<\/p>\n","protected":false},"featured_media":45914,"template":"","meta":{"_acf_changed":false},"product_brand":[348],"product_cat":[349],"product_tag":[],"class_list":{"0":"post-45912","1":"product","2":"type-product","3":"status-publish","4":"has-post-thumbnail","6":"product_brand-orthomol","7":"product_cat-o","8":"pa_packungsgroesse-60-stueck","10":"first","11":"instock","12":"shipping-taxable","13":"purchasable","14":"product-type-simple"},"acf":[],"_links":{"self":[{"href":"https:\/\/www.hirtenberg-apotheke.at\/katalog\/wp-json\/wp\/v2\/product\/45912","targetHints":{"allow":["GET"]}}],"collection":[{"href":"https:\/\/www.hirtenberg-apotheke.at\/katalog\/wp-json\/wp\/v2\/product"}],"about":[{"href":"https:\/\/www.hirtenberg-apotheke.at\/katalog\/wp-json\/wp\/v2\/types\/product"}],"wp:featuredmedia":[{"embeddable":true,"href":"https:\/\/www.hirtenberg-apotheke.at\/katalog\/wp-json\/wp\/v2\/media\/45914"}],"wp:attachment":[{"href":"https:\/\/www.hirtenberg-apotheke.at\/katalog\/wp-json\/wp\/v2\/media?parent=45912"}],"wp:term":[{"taxonomy":"product_brand","embeddable":true,"href":"https:\/\/www.hirtenberg-apotheke.at\/katalog\/wp-json\/wp\/v2\/product_brand?post=45912"},{"taxonomy":"product_cat","embeddable":true,"href":"https:\/\/www.hirtenberg-apotheke.at\/katalog\/wp-json\/wp\/v2\/product_cat?post=45912"},{"taxonomy":"product_tag","embeddable":true,"href":"https:\/\/www.hirtenberg-apotheke.at\/katalog\/wp-json\/wp\/v2\/product_tag?post=45912"}],"curies":[{"name":"wp","href":"https:\/\/api.w.org\/{rel}","templated":true}]}}