{"id":45917,"date":"2025-11-26T10:57:38","date_gmt":"2025-11-26T09:57:38","guid":{"rendered":"https:\/\/www.hirtenberg-apotheke.at\/katalog\/produkt\/fangon-kompresse-aus-jurafango-l-1-stk\/"},"modified":"2025-11-26T10:58:03","modified_gmt":"2025-11-26T09:58:03","slug":"fangon-kompresse-aus-jurafango-l-1-stk","status":"publish","type":"product","link":"https:\/\/www.hirtenberg-apotheke.at\/katalog\/produkt\/fangon-kompresse-aus-jurafango-l-1-stk\/","title":{"rendered":"Fangon Kompresse aus Jurafango &#8211; L 1 Stk."},"content":{"rendered":"<p>Fangon Kompresse aus Jurafango L 23 x 26 cm ist eine 100% nat\u00fcrliche und nachhaltige Alternative oder eine Erg\u00e4nzung zu herk\u00f6mmlichen Einmal-W\u00e4rmepflastern. Fangon Kompressen eignen sich besonders f\u00fcr die entspannte W\u00e4rme-Therapie zuhause. Au\u00dferdem sind sie frei von k\u00fcnstlichen Zus\u00e4tzen oder Arzneimittelwirkstoffen. Die vielf\u00e4ltigen Anwendungsm\u00f6glichkeiten gew\u00e4hrleisten eine optimale Anpassung an individuelle Bed\u00fcrfnisse (trocken, feucht, auch als K\u00e4ltetherapie).<\/p>\n","protected":false},"excerpt":{"rendered":"<p>Fangon Kompresse aus Jurafango L 23 x 26 cm ist eine 100% nat\u00fcrliche und nachhaltige Alternative oder eine Erg\u00e4nzung zu herk\u00f6mmlichen Einmal-W\u00e4rmepflastern. Fangon Kompressen eignen sich besonders f\u00fcr die entspannte W\u00e4rme-Therapie zuhause. Au\u00dferdem sind sie frei von k\u00fcnstlichen Zus\u00e4tzen oder Arzneimittelwirkstoffen. Die vielf\u00e4ltigen Anwendungsm\u00f6glichkeiten gew\u00e4hrleisten eine optimale Anpassung an individuelle Bed\u00fcrfnisse (trocken, feucht, auch als [&hellip;]<\/p>\n","protected":false},"featured_media":45919,"template":"","meta":{"_acf_changed":false},"product_brand":[],"product_cat":[322],"product_tag":[],"class_list":{"0":"post-45917","1":"product","2":"type-product","3":"status-publish","4":"has-post-thumbnail","6":"product_cat-f","7":"pa_packungsgroesse-1-stueck","9":"first","10":"instock","11":"shipping-taxable","12":"purchasable","13":"product-type-simple"},"acf":[],"_links":{"self":[{"href":"https:\/\/www.hirtenberg-apotheke.at\/katalog\/wp-json\/wp\/v2\/product\/45917","targetHints":{"allow":["GET"]}}],"collection":[{"href":"https:\/\/www.hirtenberg-apotheke.at\/katalog\/wp-json\/wp\/v2\/product"}],"about":[{"href":"https:\/\/www.hirtenberg-apotheke.at\/katalog\/wp-json\/wp\/v2\/types\/product"}],"wp:featuredmedia":[{"embeddable":true,"href":"https:\/\/www.hirtenberg-apotheke.at\/katalog\/wp-json\/wp\/v2\/media\/45919"}],"wp:attachment":[{"href":"https:\/\/www.hirtenberg-apotheke.at\/katalog\/wp-json\/wp\/v2\/media?parent=45917"}],"wp:term":[{"taxonomy":"product_brand","embeddable":true,"href":"https:\/\/www.hirtenberg-apotheke.at\/katalog\/wp-json\/wp\/v2\/product_brand?post=45917"},{"taxonomy":"product_cat","embeddable":true,"href":"https:\/\/www.hirtenberg-apotheke.at\/katalog\/wp-json\/wp\/v2\/product_cat?post=45917"},{"taxonomy":"product_tag","embeddable":true,"href":"https:\/\/www.hirtenberg-apotheke.at\/katalog\/wp-json\/wp\/v2\/product_tag?post=45917"}],"curies":[{"name":"wp","href":"https:\/\/api.w.org\/{rel}","templated":true}]}}