{"id":45974,"date":"2025-11-26T10:58:31","date_gmt":"2025-11-26T09:58:31","guid":{"rendered":"https:\/\/www.hirtenberg-apotheke.at\/katalog\/produkt\/life-light-kapseln-chlorophyll-60-stk\/"},"modified":"2025-11-26T10:59:11","modified_gmt":"2025-11-26T09:59:11","slug":"life-light-kapseln-chlorophyll-60-stk","status":"publish","type":"product","link":"https:\/\/www.hirtenberg-apotheke.at\/katalog\/produkt\/life-light-kapseln-chlorophyll-60-stk\/","title":{"rendered":"Life Light Kapseln Chlorophyll 60 Stk."},"content":{"rendered":"<p>Life Light Kapseln Chlorophyll enthalten Alfalfa-Klee mit nat\u00fcrlichem Chlorophyll in synergistischer Kombination mit wasserl\u00f6slichem Magnesium-Chlorophyllin. Chlorophyll sorgt f\u00fcr einen milden und anhaltenden Ausgleich des k\u00f6rperlichen S\u00e4ure-Basen-Haushaltes bei \u00dcbers\u00e4uerung.<\/p>\n","protected":false},"excerpt":{"rendered":"<p>Life Light Kapseln Chlorophyll enthalten Alfalfa-Klee mit nat\u00fcrlichem Chlorophyll in synergistischer Kombination mit wasserl\u00f6slichem Magnesium-Chlorophyllin. Chlorophyll sorgt f\u00fcr einen milden und anhaltenden Ausgleich des k\u00f6rperlichen S\u00e4ure-Basen-Haushaltes bei \u00dcbers\u00e4uerung.<\/p>\n","protected":false},"featured_media":0,"template":"","meta":{"_acf_changed":false},"product_brand":[],"product_cat":[317],"product_tag":[],"class_list":{"0":"post-45974","1":"product","2":"type-product","3":"status-publish","5":"product_cat-l","6":"pa_packungsgroesse-60-stueck","8":"first","9":"instock","10":"shipping-taxable","11":"purchasable","12":"product-type-simple"},"acf":[],"_links":{"self":[{"href":"https:\/\/www.hirtenberg-apotheke.at\/katalog\/wp-json\/wp\/v2\/product\/45974","targetHints":{"allow":["GET"]}}],"collection":[{"href":"https:\/\/www.hirtenberg-apotheke.at\/katalog\/wp-json\/wp\/v2\/product"}],"about":[{"href":"https:\/\/www.hirtenberg-apotheke.at\/katalog\/wp-json\/wp\/v2\/types\/product"}],"wp:attachment":[{"href":"https:\/\/www.hirtenberg-apotheke.at\/katalog\/wp-json\/wp\/v2\/media?parent=45974"}],"wp:term":[{"taxonomy":"product_brand","embeddable":true,"href":"https:\/\/www.hirtenberg-apotheke.at\/katalog\/wp-json\/wp\/v2\/product_brand?post=45974"},{"taxonomy":"product_cat","embeddable":true,"href":"https:\/\/www.hirtenberg-apotheke.at\/katalog\/wp-json\/wp\/v2\/product_cat?post=45974"},{"taxonomy":"product_tag","embeddable":true,"href":"https:\/\/www.hirtenberg-apotheke.at\/katalog\/wp-json\/wp\/v2\/product_tag?post=45974"}],"curies":[{"name":"wp","href":"https:\/\/api.w.org\/{rel}","templated":true}]}}