{"id":46016,"date":"2025-11-26T10:59:29","date_gmt":"2025-11-26T09:59:29","guid":{"rendered":"https:\/\/www.hirtenberg-apotheke.at\/katalog\/produkt\/mollelast-haft-weiss-latexfrei-20x10-1-stk\/"},"modified":"2025-11-26T11:00:21","modified_gmt":"2025-11-26T10:00:21","slug":"mollelast-haft-weiss-latexfrei-20x10-1-stk","status":"publish","type":"product","link":"https:\/\/www.hirtenberg-apotheke.at\/katalog\/produkt\/mollelast-haft-weiss-latexfrei-20x10-1-stk\/","title":{"rendered":"Mollelast Haft Wei\u00df Latexfrei 20&#215;10 1 Stk."},"content":{"rendered":"<p>Mollelast schmiegt sich faltenarm an und fixiert zuverl\u00e4ssig ohne einzuschn\u00fcren, besonders an konischen K\u00f6rperpartien und im Gelenkbereich. Bei der elastischen Fixierbinde handelt es sich um eine Binde, die vor allem zur Fixierung von Wundauflagen und -verb\u00e4nden verwendet wird. Dar\u00fcber hinaus eignet sich das Produkt auch zur leichten Kompression, vor allem bei lymphologischen Finger- oder Zehverb\u00e4nden. Durch besondere Wirktechnik ist die Binde breitenstabil und luftdurchl\u00e4ssig, liegt locker in der Hand und ist angenehm auf der Haut.<\/p>\n","protected":false},"excerpt":{"rendered":"<p>Mollelast schmiegt sich faltenarm an und fixiert zuverl\u00e4ssig ohne einzuschn\u00fcren, besonders an konischen K\u00f6rperpartien und im Gelenkbereich. Bei der elastischen Fixierbinde handelt es sich um eine Binde, die vor allem zur Fixierung von Wundauflagen und -verb\u00e4nden verwendet wird. Dar\u00fcber hinaus eignet sich das Produkt auch zur leichten Kompression, vor allem bei lymphologischen Finger- oder Zehverb\u00e4nden. [&hellip;]<\/p>\n","protected":false},"featured_media":46018,"template":"","meta":{"_acf_changed":false},"product_brand":[],"product_cat":[308],"product_tag":[],"class_list":{"0":"post-46016","1":"product","2":"type-product","3":"status-publish","4":"has-post-thumbnail","6":"product_cat-m","7":"pa_packungsgroesse-1-stueck","9":"first","10":"instock","11":"shipping-taxable","12":"purchasable","13":"product-type-simple"},"acf":[],"_links":{"self":[{"href":"https:\/\/www.hirtenberg-apotheke.at\/katalog\/wp-json\/wp\/v2\/product\/46016","targetHints":{"allow":["GET"]}}],"collection":[{"href":"https:\/\/www.hirtenberg-apotheke.at\/katalog\/wp-json\/wp\/v2\/product"}],"about":[{"href":"https:\/\/www.hirtenberg-apotheke.at\/katalog\/wp-json\/wp\/v2\/types\/product"}],"wp:featuredmedia":[{"embeddable":true,"href":"https:\/\/www.hirtenberg-apotheke.at\/katalog\/wp-json\/wp\/v2\/media\/46018"}],"wp:attachment":[{"href":"https:\/\/www.hirtenberg-apotheke.at\/katalog\/wp-json\/wp\/v2\/media?parent=46016"}],"wp:term":[{"taxonomy":"product_brand","embeddable":true,"href":"https:\/\/www.hirtenberg-apotheke.at\/katalog\/wp-json\/wp\/v2\/product_brand?post=46016"},{"taxonomy":"product_cat","embeddable":true,"href":"https:\/\/www.hirtenberg-apotheke.at\/katalog\/wp-json\/wp\/v2\/product_cat?post=46016"},{"taxonomy":"product_tag","embeddable":true,"href":"https:\/\/www.hirtenberg-apotheke.at\/katalog\/wp-json\/wp\/v2\/product_tag?post=46016"}],"curies":[{"name":"wp","href":"https:\/\/api.w.org\/{rel}","templated":true}]}}