{"id":46071,"date":"2025-11-26T11:00:43","date_gmt":"2025-11-26T10:00:43","guid":{"rendered":"https:\/\/www.hirtenberg-apotheke.at\/katalog\/produkt\/the-nutri-store-nadh-20-mg-lutschtabletten-60-stk\/"},"modified":"2025-11-26T11:01:33","modified_gmt":"2025-11-26T10:01:33","slug":"the-nutri-store-nadh-20-mg-lutschtabletten-60-stk","status":"publish","type":"product","link":"https:\/\/www.hirtenberg-apotheke.at\/katalog\/produkt\/the-nutri-store-nadh-20-mg-lutschtabletten-60-stk\/","title":{"rendered":"The Nutri Store NADH 20 mg Lutschtabletten 60 Stk."},"content":{"rendered":"<p>The Nutri Store NADH 20 mg Lutschtabletten: NADH (reduziertes Nicotinamid-Dinucleotid-Hydrogen) ist die aktive Co-Enzym-Form von Vitamin B3, auch Coenzym 1 genannt. Das NADH dieser fruchtig, nach Orange schmeckenden Lutschtabletten wird direkt \u00fcber die Mundschleimhaut aufgenommen und ist so besonders schnell im K\u00f6rper verf\u00fcgbar.<\/p>\n","protected":false},"excerpt":{"rendered":"<p>The Nutri Store NADH 20 mg Lutschtabletten: NADH (reduziertes Nicotinamid-Dinucleotid-Hydrogen) ist die aktive Co-Enzym-Form von Vitamin B3, auch Coenzym 1 genannt. Das NADH dieser fruchtig, nach Orange schmeckenden Lutschtabletten wird direkt \u00fcber die Mundschleimhaut aufgenommen und ist so besonders schnell im K\u00f6rper verf\u00fcgbar.<\/p>\n","protected":false},"featured_media":46073,"template":"","meta":{"_acf_changed":false},"product_brand":[],"product_cat":[319],"product_tag":[],"class_list":{"0":"post-46071","1":"product","2":"type-product","3":"status-publish","4":"has-post-thumbnail","6":"product_cat-t","7":"pa_packungsgroesse-60-stueck","9":"first","10":"instock","11":"shipping-taxable","12":"purchasable","13":"product-type-simple"},"acf":[],"_links":{"self":[{"href":"https:\/\/www.hirtenberg-apotheke.at\/katalog\/wp-json\/wp\/v2\/product\/46071","targetHints":{"allow":["GET"]}}],"collection":[{"href":"https:\/\/www.hirtenberg-apotheke.at\/katalog\/wp-json\/wp\/v2\/product"}],"about":[{"href":"https:\/\/www.hirtenberg-apotheke.at\/katalog\/wp-json\/wp\/v2\/types\/product"}],"wp:featuredmedia":[{"embeddable":true,"href":"https:\/\/www.hirtenberg-apotheke.at\/katalog\/wp-json\/wp\/v2\/media\/46073"}],"wp:attachment":[{"href":"https:\/\/www.hirtenberg-apotheke.at\/katalog\/wp-json\/wp\/v2\/media?parent=46071"}],"wp:term":[{"taxonomy":"product_brand","embeddable":true,"href":"https:\/\/www.hirtenberg-apotheke.at\/katalog\/wp-json\/wp\/v2\/product_brand?post=46071"},{"taxonomy":"product_cat","embeddable":true,"href":"https:\/\/www.hirtenberg-apotheke.at\/katalog\/wp-json\/wp\/v2\/product_cat?post=46071"},{"taxonomy":"product_tag","embeddable":true,"href":"https:\/\/www.hirtenberg-apotheke.at\/katalog\/wp-json\/wp\/v2\/product_tag?post=46071"}],"curies":[{"name":"wp","href":"https:\/\/api.w.org\/{rel}","templated":true}]}}