{"id":46135,"date":"2025-11-26T11:02:36","date_gmt":"2025-11-26T10:02:36","guid":{"rendered":"https:\/\/www.hirtenberg-apotheke.at\/katalog\/produkt\/life-light-opc-kapseln-120-stk\/"},"modified":"2025-11-26T11:02:52","modified_gmt":"2025-11-26T10:02:52","slug":"life-light-opc-kapseln-120-stk","status":"publish","type":"product","link":"https:\/\/www.hirtenberg-apotheke.at\/katalog\/produkt\/life-light-opc-kapseln-120-stk\/","title":{"rendered":"Life Light OPC Kapseln 120 Stk."},"content":{"rendered":"<p>Life Light OPC Kapseln werden durch ihren positiven Einfluss auf das Herzkreislauf-System gesch\u00e4tzt. OPC wird aus Traubenkernen und Ananasextrakten gewonnen. F\u00fcr die Wirkung von OPC ist die Qualit\u00e4t der verwendeten Rohstoffen entscheidend. Nur in hochwertigen Traubenkern-Extrakten sind ausreichend Polyphenole und Reservatol vorhanden.<\/p>\n","protected":false},"excerpt":{"rendered":"<p>Life Light OPC Kapseln werden durch ihren positiven Einfluss auf das Herzkreislauf-System gesch\u00e4tzt. OPC wird aus Traubenkernen und Ananasextrakten gewonnen. F\u00fcr die Wirkung von OPC ist die Qualit\u00e4t der verwendeten Rohstoffen entscheidend. Nur in hochwertigen Traubenkern-Extrakten sind ausreichend Polyphenole und Reservatol vorhanden.<\/p>\n","protected":false},"featured_media":46137,"template":"","meta":{"_acf_changed":false},"product_brand":[],"product_cat":[317],"product_tag":[],"class_list":{"0":"post-46135","1":"product","2":"type-product","3":"status-publish","4":"has-post-thumbnail","6":"product_cat-l","7":"pa_packungsgroesse-120-stueck","9":"first","10":"instock","11":"shipping-taxable","12":"purchasable","13":"product-type-simple"},"acf":[],"_links":{"self":[{"href":"https:\/\/www.hirtenberg-apotheke.at\/katalog\/wp-json\/wp\/v2\/product\/46135","targetHints":{"allow":["GET"]}}],"collection":[{"href":"https:\/\/www.hirtenberg-apotheke.at\/katalog\/wp-json\/wp\/v2\/product"}],"about":[{"href":"https:\/\/www.hirtenberg-apotheke.at\/katalog\/wp-json\/wp\/v2\/types\/product"}],"wp:featuredmedia":[{"embeddable":true,"href":"https:\/\/www.hirtenberg-apotheke.at\/katalog\/wp-json\/wp\/v2\/media\/46137"}],"wp:attachment":[{"href":"https:\/\/www.hirtenberg-apotheke.at\/katalog\/wp-json\/wp\/v2\/media?parent=46135"}],"wp:term":[{"taxonomy":"product_brand","embeddable":true,"href":"https:\/\/www.hirtenberg-apotheke.at\/katalog\/wp-json\/wp\/v2\/product_brand?post=46135"},{"taxonomy":"product_cat","embeddable":true,"href":"https:\/\/www.hirtenberg-apotheke.at\/katalog\/wp-json\/wp\/v2\/product_cat?post=46135"},{"taxonomy":"product_tag","embeddable":true,"href":"https:\/\/www.hirtenberg-apotheke.at\/katalog\/wp-json\/wp\/v2\/product_tag?post=46135"}],"curies":[{"name":"wp","href":"https:\/\/api.w.org\/{rel}","templated":true}]}}