{"id":46163,"date":"2025-11-26T11:03:17","date_gmt":"2025-11-26T10:03:17","guid":{"rendered":"https:\/\/www.hirtenberg-apotheke.at\/katalog\/produkt\/schoenenberger-saft-mistel-200-ml-bio\/"},"modified":"2025-11-26T11:03:21","modified_gmt":"2025-11-26T10:03:21","slug":"schoenenberger-saft-mistel-200-ml-bio","status":"publish","type":"product","link":"https:\/\/www.hirtenberg-apotheke.at\/katalog\/produkt\/schoenenberger-saft-mistel-200-ml-bio\/","title":{"rendered":"Schoenenberger Saft Mistel 200 ml BIO"},"content":{"rendered":"<p>Schoenenberger Saft Mistel ist ein traditionelles pflanzliches Arzneimittel zur Unterst\u00fctzung der Kreislauf-Funktion ausschlie\u00dflich aufgrund langj\u00e4hriger Anwendung<\/p>\n","protected":false},"excerpt":{"rendered":"<p>Schoenenberger Saft Mistel ist ein traditionelles pflanzliches Arzneimittel zur Unterst\u00fctzung der Kreislauf-Funktion ausschlie\u00dflich aufgrund langj\u00e4hriger Anwendung<\/p>\n","protected":false},"featured_media":46165,"template":"","meta":{"_acf_changed":false},"product_brand":[],"product_cat":[303],"product_tag":[],"class_list":{"0":"post-46163","1":"product","2":"type-product","3":"status-publish","4":"has-post-thumbnail","6":"product_cat-s","7":"pa_packungsgroesse-200ml","9":"first","10":"instock","11":"shipping-taxable","12":"purchasable","13":"product-type-simple"},"acf":[],"_links":{"self":[{"href":"https:\/\/www.hirtenberg-apotheke.at\/katalog\/wp-json\/wp\/v2\/product\/46163","targetHints":{"allow":["GET"]}}],"collection":[{"href":"https:\/\/www.hirtenberg-apotheke.at\/katalog\/wp-json\/wp\/v2\/product"}],"about":[{"href":"https:\/\/www.hirtenberg-apotheke.at\/katalog\/wp-json\/wp\/v2\/types\/product"}],"wp:featuredmedia":[{"embeddable":true,"href":"https:\/\/www.hirtenberg-apotheke.at\/katalog\/wp-json\/wp\/v2\/media\/46165"}],"wp:attachment":[{"href":"https:\/\/www.hirtenberg-apotheke.at\/katalog\/wp-json\/wp\/v2\/media?parent=46163"}],"wp:term":[{"taxonomy":"product_brand","embeddable":true,"href":"https:\/\/www.hirtenberg-apotheke.at\/katalog\/wp-json\/wp\/v2\/product_brand?post=46163"},{"taxonomy":"product_cat","embeddable":true,"href":"https:\/\/www.hirtenberg-apotheke.at\/katalog\/wp-json\/wp\/v2\/product_cat?post=46163"},{"taxonomy":"product_tag","embeddable":true,"href":"https:\/\/www.hirtenberg-apotheke.at\/katalog\/wp-json\/wp\/v2\/product_tag?post=46163"}],"curies":[{"name":"wp","href":"https:\/\/api.w.org\/{rel}","templated":true}]}}