{"id":46168,"date":"2025-11-26T11:03:17","date_gmt":"2025-11-26T10:03:17","guid":{"rendered":"https:\/\/www.hirtenberg-apotheke.at\/katalog\/produkt\/gum-aftaclear-spray-15-ml\/"},"modified":"2025-11-26T11:03:36","modified_gmt":"2025-11-26T10:03:36","slug":"gum-aftaclear-spray-15-ml","status":"publish","type":"product","link":"https:\/\/www.hirtenberg-apotheke.at\/katalog\/produkt\/gum-aftaclear-spray-15-ml\/","title":{"rendered":"GUM AftaClear Spray 15 ml"},"content":{"rendered":"<p>GUM\u00ae AftaClear\u00ae Spray ist ideal f\u00fcr schwer zug\u00e4ngliche Bereiche.Multidirektionale Pumpvorrichtung f\u00fcr eine punktgenaueAnwendung bei maximaler Hygiene.Perfekt f\u00fcr die hygienische Anwendung unterwegs.Enth\u00e4lt 0,1 % Hyalurons\u00e4ure.<\/p>\n","protected":false},"excerpt":{"rendered":"<p>GUM\u00ae AftaClear\u00ae Spray ist ideal f\u00fcr schwer zug\u00e4ngliche Bereiche.Multidirektionale Pumpvorrichtung f\u00fcr eine punktgenaueAnwendung bei maximaler Hygiene.Perfekt f\u00fcr die hygienische Anwendung unterwegs.Enth\u00e4lt 0,1 % Hyalurons\u00e4ure.<\/p>\n","protected":false},"featured_media":46170,"template":"","meta":{"_acf_changed":false},"product_brand":[886],"product_cat":[328],"product_tag":[],"class_list":{"0":"post-46168","1":"product","2":"type-product","3":"status-publish","4":"has-post-thumbnail","6":"product_brand-g-u-m","7":"product_cat-g","8":"pa_packungsgroesse-15ml","10":"first","11":"instock","12":"shipping-taxable","13":"purchasable","14":"product-type-simple"},"acf":[],"_links":{"self":[{"href":"https:\/\/www.hirtenberg-apotheke.at\/katalog\/wp-json\/wp\/v2\/product\/46168","targetHints":{"allow":["GET"]}}],"collection":[{"href":"https:\/\/www.hirtenberg-apotheke.at\/katalog\/wp-json\/wp\/v2\/product"}],"about":[{"href":"https:\/\/www.hirtenberg-apotheke.at\/katalog\/wp-json\/wp\/v2\/types\/product"}],"wp:featuredmedia":[{"embeddable":true,"href":"https:\/\/www.hirtenberg-apotheke.at\/katalog\/wp-json\/wp\/v2\/media\/46170"}],"wp:attachment":[{"href":"https:\/\/www.hirtenberg-apotheke.at\/katalog\/wp-json\/wp\/v2\/media?parent=46168"}],"wp:term":[{"taxonomy":"product_brand","embeddable":true,"href":"https:\/\/www.hirtenberg-apotheke.at\/katalog\/wp-json\/wp\/v2\/product_brand?post=46168"},{"taxonomy":"product_cat","embeddable":true,"href":"https:\/\/www.hirtenberg-apotheke.at\/katalog\/wp-json\/wp\/v2\/product_cat?post=46168"},{"taxonomy":"product_tag","embeddable":true,"href":"https:\/\/www.hirtenberg-apotheke.at\/katalog\/wp-json\/wp\/v2\/product_tag?post=46168"}],"curies":[{"name":"wp","href":"https:\/\/api.w.org\/{rel}","templated":true}]}}