{"id":46279,"date":"2025-11-26T11:05:21","date_gmt":"2025-11-26T10:05:21","guid":{"rendered":"https:\/\/www.hirtenberg-apotheke.at\/katalog\/produkt\/discofix-dreiwegehahn-blau-1-stk\/"},"modified":"2025-11-26T11:05:49","modified_gmt":"2025-11-26T10:05:49","slug":"discofix-dreiwegehahn-blau-1-stk","status":"publish","type":"product","link":"https:\/\/www.hirtenberg-apotheke.at\/katalog\/produkt\/discofix-dreiwegehahn-blau-1-stk\/","title":{"rendered":"Discofix Dreiwegehahn Blau 1 Stk."},"content":{"rendered":"<p>Discofix Dreiwegehahn Blau verf\u00fcgt \u00fcber ein Mehrwegehahnsystem f\u00fcr Infusionstherapie und Monitoring. Dieses Produkt ist bestens geeignet f\u00fcr alle in der Infusionstechnik eingesetzten Druckinfusionssysteme.<\/p>\n","protected":false},"excerpt":{"rendered":"<p>Discofix Dreiwegehahn Blau verf\u00fcgt \u00fcber ein Mehrwegehahnsystem f\u00fcr Infusionstherapie und Monitoring. Dieses Produkt ist bestens geeignet f\u00fcr alle in der Infusionstechnik eingesetzten Druckinfusionssysteme.<\/p>\n","protected":false},"featured_media":0,"template":"","meta":{"_acf_changed":false},"product_brand":[],"product_cat":[295],"product_tag":[],"class_list":{"0":"post-46279","1":"product","2":"type-product","3":"status-publish","5":"product_cat-d","6":"pa_packungsgroesse-1-stueck","8":"first","9":"instock","10":"shipping-taxable","11":"purchasable","12":"product-type-simple"},"acf":[],"_links":{"self":[{"href":"https:\/\/www.hirtenberg-apotheke.at\/katalog\/wp-json\/wp\/v2\/product\/46279","targetHints":{"allow":["GET"]}}],"collection":[{"href":"https:\/\/www.hirtenberg-apotheke.at\/katalog\/wp-json\/wp\/v2\/product"}],"about":[{"href":"https:\/\/www.hirtenberg-apotheke.at\/katalog\/wp-json\/wp\/v2\/types\/product"}],"wp:attachment":[{"href":"https:\/\/www.hirtenberg-apotheke.at\/katalog\/wp-json\/wp\/v2\/media?parent=46279"}],"wp:term":[{"taxonomy":"product_brand","embeddable":true,"href":"https:\/\/www.hirtenberg-apotheke.at\/katalog\/wp-json\/wp\/v2\/product_brand?post=46279"},{"taxonomy":"product_cat","embeddable":true,"href":"https:\/\/www.hirtenberg-apotheke.at\/katalog\/wp-json\/wp\/v2\/product_cat?post=46279"},{"taxonomy":"product_tag","embeddable":true,"href":"https:\/\/www.hirtenberg-apotheke.at\/katalog\/wp-json\/wp\/v2\/product_tag?post=46279"}],"curies":[{"name":"wp","href":"https:\/\/api.w.org\/{rel}","templated":true}]}}