{"id":46318,"date":"2025-11-26T11:06:05","date_gmt":"2025-11-26T10:06:05","guid":{"rendered":"https:\/\/www.hirtenberg-apotheke.at\/katalog\/produkt\/nuxe-men-duschgel-200-ml\/"},"modified":"2025-11-26T11:06:33","modified_gmt":"2025-11-26T10:06:33","slug":"nuxe-men-duschgel-200-ml","status":"publish","type":"product","link":"https:\/\/www.hirtenberg-apotheke.at\/katalog\/produkt\/nuxe-men-duschgel-200-ml\/","title":{"rendered":"Nuxe Men Duschgel 200 ml"},"content":{"rendered":"<p>Nuxe Men Duschgel reinigt mit Eichen- und Wei\u00dfbuchenextrakten auf sanfte Weise Gesicht, K\u00f6rper und Haar und sorgt daf\u00fcr f\u00fcr einen echten Frische-Effekt. Das Duschgel wird dank seiner reinigenden Basisformulierung pflanzlichen Ursprungs und einem hautneutralen pH-Wert gesch\u00e4tzt. Mit einem maskulin-w\u00fcrzigen Holzduft.<\/p>\n","protected":false},"excerpt":{"rendered":"<p>Nuxe Men Duschgel reinigt mit Eichen- und Wei\u00dfbuchenextrakten auf sanfte Weise Gesicht, K\u00f6rper und Haar und sorgt daf\u00fcr f\u00fcr einen echten Frische-Effekt. Das Duschgel wird dank seiner reinigenden Basisformulierung pflanzlichen Ursprungs und einem hautneutralen pH-Wert gesch\u00e4tzt. Mit einem maskulin-w\u00fcrzigen Holzduft.<\/p>\n","protected":false},"featured_media":46320,"template":"","meta":{"_acf_changed":false},"product_brand":[720],"product_cat":[310],"product_tag":[],"class_list":{"0":"post-46318","1":"product","2":"type-product","3":"status-publish","4":"has-post-thumbnail","6":"product_brand-nuxe","7":"product_cat-n","8":"pa_packungsgroesse-1-stueck","10":"first","11":"instock","12":"shipping-taxable","13":"purchasable","14":"product-type-simple"},"acf":[],"_links":{"self":[{"href":"https:\/\/www.hirtenberg-apotheke.at\/katalog\/wp-json\/wp\/v2\/product\/46318","targetHints":{"allow":["GET"]}}],"collection":[{"href":"https:\/\/www.hirtenberg-apotheke.at\/katalog\/wp-json\/wp\/v2\/product"}],"about":[{"href":"https:\/\/www.hirtenberg-apotheke.at\/katalog\/wp-json\/wp\/v2\/types\/product"}],"wp:featuredmedia":[{"embeddable":true,"href":"https:\/\/www.hirtenberg-apotheke.at\/katalog\/wp-json\/wp\/v2\/media\/46320"}],"wp:attachment":[{"href":"https:\/\/www.hirtenberg-apotheke.at\/katalog\/wp-json\/wp\/v2\/media?parent=46318"}],"wp:term":[{"taxonomy":"product_brand","embeddable":true,"href":"https:\/\/www.hirtenberg-apotheke.at\/katalog\/wp-json\/wp\/v2\/product_brand?post=46318"},{"taxonomy":"product_cat","embeddable":true,"href":"https:\/\/www.hirtenberg-apotheke.at\/katalog\/wp-json\/wp\/v2\/product_cat?post=46318"},{"taxonomy":"product_tag","embeddable":true,"href":"https:\/\/www.hirtenberg-apotheke.at\/katalog\/wp-json\/wp\/v2\/product_tag?post=46318"}],"curies":[{"name":"wp","href":"https:\/\/api.w.org\/{rel}","templated":true}]}}