{"id":46406,"date":"2025-11-26T11:07:41","date_gmt":"2025-11-26T10:07:41","guid":{"rendered":"https:\/\/www.hirtenberg-apotheke.at\/katalog\/produkt\/bioderma-photoderm-kid-spf-50-200-ml\/"},"modified":"2025-11-26T11:08:07","modified_gmt":"2025-11-26T10:08:07","slug":"bioderma-photoderm-kid-spf-50-200-ml","status":"publish","type":"product","link":"https:\/\/www.hirtenberg-apotheke.at\/katalog\/produkt\/bioderma-photoderm-kid-spf-50-200-ml\/","title":{"rendered":"Bioderma Photoderm Kid SPF 50+ 200 ml"},"content":{"rendered":"<p>Bioderma Photoderm Kid SPF 50+ 200 ml ist ein sehr hoher UVA- und UVB-Schutz speziell f\u00fcr empfindliche Kinderhaut ab 12 Monaten. Der patentierte Wirkstoff Cellular BioprotectionTM aktiviert die nat\u00fcrliche Abwehr der Haut, sch\u00fctzt die Hautzellen &#038; beugt vorzeitiger Hautalterung vor. F\u00fcr Gesicht und K\u00f6rper. Ohne Octocrylene. Ohne Duftstoffe, ohne Parabene. Besonders wasserfest. Ausgezeichnete Hautvertr\u00e4glichkeit.<\/p>\n","protected":false},"excerpt":{"rendered":"<p>Bioderma Photoderm Kid SPF 50+ 200 ml ist ein sehr hoher UVA- und UVB-Schutz speziell f\u00fcr empfindliche Kinderhaut ab 12 Monaten. Der patentierte Wirkstoff Cellular BioprotectionTM aktiviert die nat\u00fcrliche Abwehr der Haut, sch\u00fctzt die Hautzellen &#038; beugt vorzeitiger Hautalterung vor. F\u00fcr Gesicht und K\u00f6rper. Ohne Octocrylene. Ohne Duftstoffe, ohne Parabene. Besonders wasserfest. Ausgezeichnete Hautvertr\u00e4glichkeit.<\/p>\n","protected":false},"featured_media":46408,"template":"","meta":{"_acf_changed":false},"product_brand":[675],"product_cat":[292],"product_tag":[],"class_list":{"0":"post-46406","1":"product","2":"type-product","3":"status-publish","4":"has-post-thumbnail","6":"product_brand-bioderma","7":"product_cat-b","8":"pa_packungsgroesse-200ml","10":"first","11":"instock","12":"shipping-taxable","13":"purchasable","14":"product-type-simple"},"acf":[],"_links":{"self":[{"href":"https:\/\/www.hirtenberg-apotheke.at\/katalog\/wp-json\/wp\/v2\/product\/46406","targetHints":{"allow":["GET"]}}],"collection":[{"href":"https:\/\/www.hirtenberg-apotheke.at\/katalog\/wp-json\/wp\/v2\/product"}],"about":[{"href":"https:\/\/www.hirtenberg-apotheke.at\/katalog\/wp-json\/wp\/v2\/types\/product"}],"wp:featuredmedia":[{"embeddable":true,"href":"https:\/\/www.hirtenberg-apotheke.at\/katalog\/wp-json\/wp\/v2\/media\/46408"}],"wp:attachment":[{"href":"https:\/\/www.hirtenberg-apotheke.at\/katalog\/wp-json\/wp\/v2\/media?parent=46406"}],"wp:term":[{"taxonomy":"product_brand","embeddable":true,"href":"https:\/\/www.hirtenberg-apotheke.at\/katalog\/wp-json\/wp\/v2\/product_brand?post=46406"},{"taxonomy":"product_cat","embeddable":true,"href":"https:\/\/www.hirtenberg-apotheke.at\/katalog\/wp-json\/wp\/v2\/product_cat?post=46406"},{"taxonomy":"product_tag","embeddable":true,"href":"https:\/\/www.hirtenberg-apotheke.at\/katalog\/wp-json\/wp\/v2\/product_tag?post=46406"}],"curies":[{"name":"wp","href":"https:\/\/api.w.org\/{rel}","templated":true}]}}