{"id":46499,"date":"2025-11-26T11:09:19","date_gmt":"2025-11-26T10:09:19","guid":{"rendered":"https:\/\/www.hirtenberg-apotheke.at\/katalog\/produkt\/nippes-pinzette-kosmetik-schraeg-1-stk-3\/"},"modified":"2025-11-26T11:09:56","modified_gmt":"2025-11-26T10:09:56","slug":"nippes-pinzette-kosmetik-schraeg-1-stk-3","status":"publish","type":"product","link":"https:\/\/www.hirtenberg-apotheke.at\/katalog\/produkt\/nippes-pinzette-kosmetik-schraeg-1-stk-3\/","title":{"rendered":"Nippes Pinzette Kosmetik Schr\u00e4g 1 Stk."},"content":{"rendered":"<p>Nippes Pinzette Kosmetik Schr\u00e4g eignet sich zum Zupfen der Augenbrauen, als Hilfe im Haushalt und ebenso zum Entfernen von l\u00e4stigen Zecken. Die Pinzette zeichnet sich durch ihre hohe Qualit\u00e4t aus. Handgefertigt in Solingen.<\/p>\n","protected":false},"excerpt":{"rendered":"<p>Nippes Pinzette Kosmetik Schr\u00e4g eignet sich zum Zupfen der Augenbrauen, als Hilfe im Haushalt und ebenso zum Entfernen von l\u00e4stigen Zecken. Die Pinzette zeichnet sich durch ihre hohe Qualit\u00e4t aus. Handgefertigt in Solingen.<\/p>\n","protected":false},"featured_media":46501,"template":"","meta":{"_acf_changed":false},"product_brand":[684],"product_cat":[310],"product_tag":[],"class_list":{"0":"post-46499","1":"product","2":"type-product","3":"status-publish","4":"has-post-thumbnail","6":"product_brand-nippes","7":"product_cat-n","8":"pa_packungsgroesse-1-stueck","10":"first","11":"instock","12":"shipping-taxable","13":"purchasable","14":"product-type-simple"},"acf":[],"_links":{"self":[{"href":"https:\/\/www.hirtenberg-apotheke.at\/katalog\/wp-json\/wp\/v2\/product\/46499","targetHints":{"allow":["GET"]}}],"collection":[{"href":"https:\/\/www.hirtenberg-apotheke.at\/katalog\/wp-json\/wp\/v2\/product"}],"about":[{"href":"https:\/\/www.hirtenberg-apotheke.at\/katalog\/wp-json\/wp\/v2\/types\/product"}],"wp:featuredmedia":[{"embeddable":true,"href":"https:\/\/www.hirtenberg-apotheke.at\/katalog\/wp-json\/wp\/v2\/media\/46501"}],"wp:attachment":[{"href":"https:\/\/www.hirtenberg-apotheke.at\/katalog\/wp-json\/wp\/v2\/media?parent=46499"}],"wp:term":[{"taxonomy":"product_brand","embeddable":true,"href":"https:\/\/www.hirtenberg-apotheke.at\/katalog\/wp-json\/wp\/v2\/product_brand?post=46499"},{"taxonomy":"product_cat","embeddable":true,"href":"https:\/\/www.hirtenberg-apotheke.at\/katalog\/wp-json\/wp\/v2\/product_cat?post=46499"},{"taxonomy":"product_tag","embeddable":true,"href":"https:\/\/www.hirtenberg-apotheke.at\/katalog\/wp-json\/wp\/v2\/product_tag?post=46499"}],"curies":[{"name":"wp","href":"https:\/\/api.w.org\/{rel}","templated":true}]}}