{"id":46531,"date":"2025-11-26T11:10:04","date_gmt":"2025-11-26T10:10:04","guid":{"rendered":"https:\/\/www.hirtenberg-apotheke.at\/katalog\/produkt\/ashwaganda-extrakt-kapseln-60-stk\/"},"modified":"2025-11-26T11:10:43","modified_gmt":"2025-11-26T10:10:43","slug":"ashwaganda-extrakt-kapseln-60-stk","status":"publish","type":"product","link":"https:\/\/www.hirtenberg-apotheke.at\/katalog\/produkt\/ashwaganda-extrakt-kapseln-60-stk\/","title":{"rendered":"Ashwaganda Extrakt Kapseln 60 Stk."},"content":{"rendered":"<p>Ashwaganda Extrakt Kapseln dienen als ein Mittel, das allgemein st\u00e4rkend auf K\u00f6rper und Geist wirkt und den Alterungsprozess positiv beeinflussen kann. Ashwagandha Extrakt Kapseln eignen sich gut zur Unterst\u00fctzung von physischer und mentaler Leistungsf\u00e4higkeit sowie zur Beruhigung und Verbesserung eines gest\u00f6rten Schlafverhaltens.<\/p>\n","protected":false},"excerpt":{"rendered":"<p>Ashwaganda Extrakt Kapseln dienen als ein Mittel, das allgemein st\u00e4rkend auf K\u00f6rper und Geist wirkt und den Alterungsprozess positiv beeinflussen kann. Ashwagandha Extrakt Kapseln eignen sich gut zur Unterst\u00fctzung von physischer und mentaler Leistungsf\u00e4higkeit sowie zur Beruhigung und Verbesserung eines gest\u00f6rten Schlafverhaltens.<\/p>\n","protected":false},"featured_media":0,"template":"","meta":{"_acf_changed":false},"product_brand":[],"product_cat":[299],"product_tag":[],"class_list":{"0":"post-46531","1":"product","2":"type-product","3":"status-publish","5":"product_cat-a","6":"pa_packungsgroesse-60-stueck","8":"first","9":"instock","10":"shipping-taxable","11":"purchasable","12":"product-type-simple"},"acf":[],"_links":{"self":[{"href":"https:\/\/www.hirtenberg-apotheke.at\/katalog\/wp-json\/wp\/v2\/product\/46531","targetHints":{"allow":["GET"]}}],"collection":[{"href":"https:\/\/www.hirtenberg-apotheke.at\/katalog\/wp-json\/wp\/v2\/product"}],"about":[{"href":"https:\/\/www.hirtenberg-apotheke.at\/katalog\/wp-json\/wp\/v2\/types\/product"}],"wp:attachment":[{"href":"https:\/\/www.hirtenberg-apotheke.at\/katalog\/wp-json\/wp\/v2\/media?parent=46531"}],"wp:term":[{"taxonomy":"product_brand","embeddable":true,"href":"https:\/\/www.hirtenberg-apotheke.at\/katalog\/wp-json\/wp\/v2\/product_brand?post=46531"},{"taxonomy":"product_cat","embeddable":true,"href":"https:\/\/www.hirtenberg-apotheke.at\/katalog\/wp-json\/wp\/v2\/product_cat?post=46531"},{"taxonomy":"product_tag","embeddable":true,"href":"https:\/\/www.hirtenberg-apotheke.at\/katalog\/wp-json\/wp\/v2\/product_tag?post=46531"}],"curies":[{"name":"wp","href":"https:\/\/api.w.org\/{rel}","templated":true}]}}