{"id":46840,"date":"2025-11-26T11:16:11","date_gmt":"2025-11-26T10:16:11","guid":{"rendered":"https:\/\/www.hirtenberg-apotheke.at\/katalog\/produkt\/bioflora-lab-rhodiola-kapseln-60-stk\/"},"modified":"2025-11-26T12:15:46","modified_gmt":"2025-11-26T11:15:46","slug":"bioflora-lab-rhodiola-kapseln-60-stk","status":"publish","type":"product","link":"https:\/\/www.hirtenberg-apotheke.at\/katalog\/produkt\/bioflora-lab-rhodiola-kapseln-60-stk\/","title":{"rendered":"Bioflora LAB Rhodiola Kapseln 60 Stk."},"content":{"rendered":"<p>Ehrmed Bioflora Rhodiola Kapseln verringern geistigen und k\u00f6rperlichen Stress. Unterst\u00fctzt den strapazierten K\u00f6rper bei Belastung und Stress.<\/p>\n","protected":false},"excerpt":{"rendered":"<p>Ehrmed Bioflora Rhodiola Kapseln verringern geistigen und k\u00f6rperlichen Stress. Unterst\u00fctzt den strapazierten K\u00f6rper bei Belastung und Stress.<\/p>\n","protected":false},"featured_media":46842,"template":"","meta":{"_acf_changed":false},"product_brand":[409],"product_cat":[292],"product_tag":[],"class_list":{"0":"post-46840","1":"product","2":"type-product","3":"status-publish","4":"has-post-thumbnail","6":"product_brand-bioflora-lab","7":"product_cat-b","8":"pa_packungsgroesse-60-stueck","10":"first","11":"instock","12":"shipping-taxable","13":"purchasable","14":"product-type-simple"},"acf":[],"_links":{"self":[{"href":"https:\/\/www.hirtenberg-apotheke.at\/katalog\/wp-json\/wp\/v2\/product\/46840","targetHints":{"allow":["GET"]}}],"collection":[{"href":"https:\/\/www.hirtenberg-apotheke.at\/katalog\/wp-json\/wp\/v2\/product"}],"about":[{"href":"https:\/\/www.hirtenberg-apotheke.at\/katalog\/wp-json\/wp\/v2\/types\/product"}],"wp:featuredmedia":[{"embeddable":true,"href":"https:\/\/www.hirtenberg-apotheke.at\/katalog\/wp-json\/wp\/v2\/media\/46842"}],"wp:attachment":[{"href":"https:\/\/www.hirtenberg-apotheke.at\/katalog\/wp-json\/wp\/v2\/media?parent=46840"}],"wp:term":[{"taxonomy":"product_brand","embeddable":true,"href":"https:\/\/www.hirtenberg-apotheke.at\/katalog\/wp-json\/wp\/v2\/product_brand?post=46840"},{"taxonomy":"product_cat","embeddable":true,"href":"https:\/\/www.hirtenberg-apotheke.at\/katalog\/wp-json\/wp\/v2\/product_cat?post=46840"},{"taxonomy":"product_tag","embeddable":true,"href":"https:\/\/www.hirtenberg-apotheke.at\/katalog\/wp-json\/wp\/v2\/product_tag?post=46840"}],"curies":[{"name":"wp","href":"https:\/\/api.w.org\/{rel}","templated":true}]}}