{"id":46866,"date":"2025-11-26T12:15:59","date_gmt":"2025-11-26T11:15:59","guid":{"rendered":"https:\/\/www.hirtenberg-apotheke.at\/katalog\/produkt\/tiroler-steinoel-seife-100-g-original\/"},"modified":"2025-11-26T12:16:22","modified_gmt":"2025-11-26T11:16:22","slug":"tiroler-steinoel-seife-100-g-original","status":"publish","type":"product","link":"https:\/\/www.hirtenberg-apotheke.at\/katalog\/produkt\/tiroler-steinoel-seife-100-g-original\/","title":{"rendered":"Tiroler Stein\u00f6l Seife 100 g Original"},"content":{"rendered":"<p>Tiroler Stein\u00f6l Seife zur schonenden, regelm\u00e4\u00dfigen Pflege und Reinigung empfindlicher, fettiger und unreiner Haut  besonders bei jugendlichen Hautproblemen<\/p>\n","protected":false},"excerpt":{"rendered":"<p>Tiroler Stein\u00f6l Seife zur schonenden, regelm\u00e4\u00dfigen Pflege und Reinigung empfindlicher, fettiger und unreiner Haut besonders bei jugendlichen Hautproblemen<\/p>\n","protected":false},"featured_media":0,"template":"","meta":{"_acf_changed":false},"product_brand":[],"product_cat":[319],"product_tag":[],"class_list":{"0":"post-46866","1":"product","2":"type-product","3":"status-publish","5":"product_cat-t","6":"pa_packungsgroesse-100g","8":"first","9":"instock","10":"shipping-taxable","11":"purchasable","12":"product-type-simple"},"acf":[],"_links":{"self":[{"href":"https:\/\/www.hirtenberg-apotheke.at\/katalog\/wp-json\/wp\/v2\/product\/46866","targetHints":{"allow":["GET"]}}],"collection":[{"href":"https:\/\/www.hirtenberg-apotheke.at\/katalog\/wp-json\/wp\/v2\/product"}],"about":[{"href":"https:\/\/www.hirtenberg-apotheke.at\/katalog\/wp-json\/wp\/v2\/types\/product"}],"wp:attachment":[{"href":"https:\/\/www.hirtenberg-apotheke.at\/katalog\/wp-json\/wp\/v2\/media?parent=46866"}],"wp:term":[{"taxonomy":"product_brand","embeddable":true,"href":"https:\/\/www.hirtenberg-apotheke.at\/katalog\/wp-json\/wp\/v2\/product_brand?post=46866"},{"taxonomy":"product_cat","embeddable":true,"href":"https:\/\/www.hirtenberg-apotheke.at\/katalog\/wp-json\/wp\/v2\/product_cat?post=46866"},{"taxonomy":"product_tag","embeddable":true,"href":"https:\/\/www.hirtenberg-apotheke.at\/katalog\/wp-json\/wp\/v2\/product_tag?post=46866"}],"curies":[{"name":"wp","href":"https:\/\/api.w.org\/{rel}","templated":true}]}}