{"id":46922,"date":"2025-11-26T12:17:09","date_gmt":"2025-11-26T11:17:09","guid":{"rendered":"https:\/\/www.hirtenberg-apotheke.at\/katalog\/produkt\/exufiber-steril-10-stk-10-x-10-cm\/"},"modified":"2025-11-26T12:18:00","modified_gmt":"2025-11-26T11:18:00","slug":"exufiber-steril-10-stk-10-x-10-cm","status":"publish","type":"product","link":"https:\/\/www.hirtenberg-apotheke.at\/katalog\/produkt\/exufiber-steril-10-stk-10-x-10-cm\/","title":{"rendered":"Exufiber Steril 10 Stk. 10 x 10 cm"},"content":{"rendered":"<p>M\u00f6lnlycke Health Care ist einer der weltweit fhrenden Anbieter von OP-Einwegprodukten und Produkten f\u00fcr die Wundversorgung f\u00fcr medizinische Fachkr\u00e4fte und Patienten.<\/p>\n","protected":false},"excerpt":{"rendered":"<p>M\u00f6lnlycke Health Care ist einer der weltweit fhrenden Anbieter von OP-Einwegprodukten und Produkten f\u00fcr die Wundversorgung f\u00fcr medizinische Fachkr\u00e4fte und Patienten.<\/p>\n","protected":false},"featured_media":46924,"template":"","meta":{"_acf_changed":false},"product_brand":[],"product_cat":[307],"product_tag":[],"class_list":{"0":"post-46922","1":"product","2":"type-product","3":"status-publish","4":"has-post-thumbnail","6":"product_cat-e","7":"pa_packungsgroesse-10-stueck","9":"first","10":"instock","11":"shipping-taxable","12":"purchasable","13":"product-type-simple"},"acf":[],"_links":{"self":[{"href":"https:\/\/www.hirtenberg-apotheke.at\/katalog\/wp-json\/wp\/v2\/product\/46922","targetHints":{"allow":["GET"]}}],"collection":[{"href":"https:\/\/www.hirtenberg-apotheke.at\/katalog\/wp-json\/wp\/v2\/product"}],"about":[{"href":"https:\/\/www.hirtenberg-apotheke.at\/katalog\/wp-json\/wp\/v2\/types\/product"}],"wp:featuredmedia":[{"embeddable":true,"href":"https:\/\/www.hirtenberg-apotheke.at\/katalog\/wp-json\/wp\/v2\/media\/46924"}],"wp:attachment":[{"href":"https:\/\/www.hirtenberg-apotheke.at\/katalog\/wp-json\/wp\/v2\/media?parent=46922"}],"wp:term":[{"taxonomy":"product_brand","embeddable":true,"href":"https:\/\/www.hirtenberg-apotheke.at\/katalog\/wp-json\/wp\/v2\/product_brand?post=46922"},{"taxonomy":"product_cat","embeddable":true,"href":"https:\/\/www.hirtenberg-apotheke.at\/katalog\/wp-json\/wp\/v2\/product_cat?post=46922"},{"taxonomy":"product_tag","embeddable":true,"href":"https:\/\/www.hirtenberg-apotheke.at\/katalog\/wp-json\/wp\/v2\/product_tag?post=46922"}],"curies":[{"name":"wp","href":"https:\/\/api.w.org\/{rel}","templated":true}]}}