{"id":46948,"date":"2025-11-26T12:18:12","date_gmt":"2025-11-26T11:18:12","guid":{"rendered":"https:\/\/www.hirtenberg-apotheke.at\/katalog\/produkt\/kneipp-gelenke-5-in-1-brausetabletten-15-stk\/"},"modified":"2025-11-26T12:18:20","modified_gmt":"2025-11-26T11:18:20","slug":"kneipp-gelenke-5-in-1-brausetabletten-15-stk","status":"publish","type":"product","link":"https:\/\/www.hirtenberg-apotheke.at\/katalog\/produkt\/kneipp-gelenke-5-in-1-brausetabletten-15-stk\/","title":{"rendered":"Kneipp Gelenke 5 in 1 Brausetabletten 15 Stk."},"content":{"rendered":"<p>Gesunde, mobile Gelenke und Knorpel sind die Voraussetzung f\u00fcr Lebensqualit\u00e4t in jedem Alter. Eine ausreichende N\u00e4hrstoffversorgung des Knorpels und der Knochen ist f\u00fcr den Bewegungsapparat wichtig. Vitamin C tr\u00e4gt zu einer normalen Kollagenbildung f\u00fcr eine normale Knorpelfunktion bei. Zink tr\u00e4gt zur Erhaltung normaler Knochen bei.<\/p>\n","protected":false},"excerpt":{"rendered":"<p>Gesunde, mobile Gelenke und Knorpel sind die Voraussetzung f\u00fcr Lebensqualit\u00e4t in jedem Alter. Eine ausreichende N\u00e4hrstoffversorgung des Knorpels und der Knochen ist f\u00fcr den Bewegungsapparat wichtig. Vitamin C tr\u00e4gt zu einer normalen Kollagenbildung f\u00fcr eine normale Knorpelfunktion bei. Zink tr\u00e4gt zur Erhaltung normaler Knochen bei.<\/p>\n","protected":false},"featured_media":46950,"template":"","meta":{"_acf_changed":false},"product_brand":[680],"product_cat":[387],"product_tag":[],"class_list":{"0":"post-46948","1":"product","2":"type-product","3":"status-publish","4":"has-post-thumbnail","6":"product_brand-kneipp","7":"product_cat-k","8":"pa_packungsgroesse-15-stueck","10":"first","11":"instock","12":"shipping-taxable","13":"purchasable","14":"product-type-simple"},"acf":[],"_links":{"self":[{"href":"https:\/\/www.hirtenberg-apotheke.at\/katalog\/wp-json\/wp\/v2\/product\/46948","targetHints":{"allow":["GET"]}}],"collection":[{"href":"https:\/\/www.hirtenberg-apotheke.at\/katalog\/wp-json\/wp\/v2\/product"}],"about":[{"href":"https:\/\/www.hirtenberg-apotheke.at\/katalog\/wp-json\/wp\/v2\/types\/product"}],"wp:featuredmedia":[{"embeddable":true,"href":"https:\/\/www.hirtenberg-apotheke.at\/katalog\/wp-json\/wp\/v2\/media\/46950"}],"wp:attachment":[{"href":"https:\/\/www.hirtenberg-apotheke.at\/katalog\/wp-json\/wp\/v2\/media?parent=46948"}],"wp:term":[{"taxonomy":"product_brand","embeddable":true,"href":"https:\/\/www.hirtenberg-apotheke.at\/katalog\/wp-json\/wp\/v2\/product_brand?post=46948"},{"taxonomy":"product_cat","embeddable":true,"href":"https:\/\/www.hirtenberg-apotheke.at\/katalog\/wp-json\/wp\/v2\/product_cat?post=46948"},{"taxonomy":"product_tag","embeddable":true,"href":"https:\/\/www.hirtenberg-apotheke.at\/katalog\/wp-json\/wp\/v2\/product_tag?post=46948"}],"curies":[{"name":"wp","href":"https:\/\/api.w.org\/{rel}","templated":true}]}}