{"id":46969,"date":"2025-11-26T12:18:22","date_gmt":"2025-11-26T11:18:22","guid":{"rendered":"https:\/\/www.hirtenberg-apotheke.at\/katalog\/produkt\/nuxe-men-deodorant-24-stunden-schutz-50-ml\/"},"modified":"2025-11-26T12:18:40","modified_gmt":"2025-11-26T11:18:40","slug":"nuxe-men-deodorant-24-stunden-schutz-50-ml","status":"publish","type":"product","link":"https:\/\/www.hirtenberg-apotheke.at\/katalog\/produkt\/nuxe-men-deodorant-24-stunden-schutz-50-ml\/","title":{"rendered":"Nuxe Men Deodorant 24-Stunden-Schutz 50 ml"},"content":{"rendered":"<p>Nuxe Men Deodorant 24-Stunden-Schutz garantiert 24 Stunden anhaltenden Schutz. Es ist g\u00e4nzlich ohne Alkohol sowie ohne Aluminium-Salze hergestellt. Das Produkt hinterl\u00e4sst keine wei\u00dfen R\u00e4nder und beugt dar\u00fcber hinaus auch Schwei\u00dfflecken vor. Mit maskulinem, holzigem und w\u00fcrzigem Duft.<\/p>\n","protected":false},"excerpt":{"rendered":"<p>Nuxe Men Deodorant 24-Stunden-Schutz garantiert 24 Stunden anhaltenden Schutz. Es ist g\u00e4nzlich ohne Alkohol sowie ohne Aluminium-Salze hergestellt. Das Produkt hinterl\u00e4sst keine wei\u00dfen R\u00e4nder und beugt dar\u00fcber hinaus auch Schwei\u00dfflecken vor. Mit maskulinem, holzigem und w\u00fcrzigem Duft.<\/p>\n","protected":false},"featured_media":46971,"template":"","meta":{"_acf_changed":false},"product_brand":[720],"product_cat":[310],"product_tag":[],"class_list":{"0":"post-46969","1":"product","2":"type-product","3":"status-publish","4":"has-post-thumbnail","6":"product_brand-nuxe","7":"product_cat-n","8":"pa_packungsgroesse-1-stueck","10":"first","11":"instock","12":"shipping-taxable","13":"purchasable","14":"product-type-simple"},"acf":[],"_links":{"self":[{"href":"https:\/\/www.hirtenberg-apotheke.at\/katalog\/wp-json\/wp\/v2\/product\/46969","targetHints":{"allow":["GET"]}}],"collection":[{"href":"https:\/\/www.hirtenberg-apotheke.at\/katalog\/wp-json\/wp\/v2\/product"}],"about":[{"href":"https:\/\/www.hirtenberg-apotheke.at\/katalog\/wp-json\/wp\/v2\/types\/product"}],"wp:featuredmedia":[{"embeddable":true,"href":"https:\/\/www.hirtenberg-apotheke.at\/katalog\/wp-json\/wp\/v2\/media\/46971"}],"wp:attachment":[{"href":"https:\/\/www.hirtenberg-apotheke.at\/katalog\/wp-json\/wp\/v2\/media?parent=46969"}],"wp:term":[{"taxonomy":"product_brand","embeddable":true,"href":"https:\/\/www.hirtenberg-apotheke.at\/katalog\/wp-json\/wp\/v2\/product_brand?post=46969"},{"taxonomy":"product_cat","embeddable":true,"href":"https:\/\/www.hirtenberg-apotheke.at\/katalog\/wp-json\/wp\/v2\/product_cat?post=46969"},{"taxonomy":"product_tag","embeddable":true,"href":"https:\/\/www.hirtenberg-apotheke.at\/katalog\/wp-json\/wp\/v2\/product_tag?post=46969"}],"curies":[{"name":"wp","href":"https:\/\/api.w.org\/{rel}","templated":true}]}}