{"id":47056,"date":"2025-11-26T12:20:16","date_gmt":"2025-11-26T11:20:16","guid":{"rendered":"https:\/\/www.hirtenberg-apotheke.at\/katalog\/produkt\/hyaluron-sonnenpflege-gesicht-getoent-lsf-50-50-ml\/"},"modified":"2025-11-26T12:20:37","modified_gmt":"2025-11-26T11:20:37","slug":"hyaluron-sonnenpflege-gesicht-getoent-lsf-50-50-ml","status":"publish","type":"product","link":"https:\/\/www.hirtenberg-apotheke.at\/katalog\/produkt\/hyaluron-sonnenpflege-gesicht-getoent-lsf-50-50-ml\/","title":{"rendered":"Hyaluron Sonnenpflege Gesicht Get\u00f6nt LSF 50+ 50 ml"},"content":{"rendered":"<p>Hyaluron Sonnenpflege Gesicht Get\u00f6nt LSF 50+ 50 ml bietet einen sehr hohen Schutz f\u00fcr sonnen\u00fcberempfindliche Haut und besonders helle Hauttypen. Der zarte T\u00f6nungseffekt verleiht einen gleichm\u00e4\u00dfigen und ebenm\u00e4\u00dfigen Teint. Die Pflege zieht schnell ein und fettet nicht.<\/p>\n","protected":false},"excerpt":{"rendered":"<p>Hyaluron Sonnenpflege Gesicht Get\u00f6nt LSF 50+ 50 ml bietet einen sehr hohen Schutz f\u00fcr sonnen\u00fcberempfindliche Haut und besonders helle Hauttypen. Der zarte T\u00f6nungseffekt verleiht einen gleichm\u00e4\u00dfigen und ebenm\u00e4\u00dfigen Teint. Die Pflege zieht schnell ein und fettet nicht.<\/p>\n","protected":false},"featured_media":47058,"template":"","meta":{"_acf_changed":false},"product_brand":[],"product_cat":[330],"product_tag":[],"class_list":{"0":"post-47056","1":"product","2":"type-product","3":"status-publish","4":"has-post-thumbnail","6":"product_cat-h","7":"pa_packungsgroesse-50ml","9":"first","10":"instock","11":"shipping-taxable","12":"purchasable","13":"product-type-simple"},"acf":[],"_links":{"self":[{"href":"https:\/\/www.hirtenberg-apotheke.at\/katalog\/wp-json\/wp\/v2\/product\/47056","targetHints":{"allow":["GET"]}}],"collection":[{"href":"https:\/\/www.hirtenberg-apotheke.at\/katalog\/wp-json\/wp\/v2\/product"}],"about":[{"href":"https:\/\/www.hirtenberg-apotheke.at\/katalog\/wp-json\/wp\/v2\/types\/product"}],"wp:featuredmedia":[{"embeddable":true,"href":"https:\/\/www.hirtenberg-apotheke.at\/katalog\/wp-json\/wp\/v2\/media\/47058"}],"wp:attachment":[{"href":"https:\/\/www.hirtenberg-apotheke.at\/katalog\/wp-json\/wp\/v2\/media?parent=47056"}],"wp:term":[{"taxonomy":"product_brand","embeddable":true,"href":"https:\/\/www.hirtenberg-apotheke.at\/katalog\/wp-json\/wp\/v2\/product_brand?post=47056"},{"taxonomy":"product_cat","embeddable":true,"href":"https:\/\/www.hirtenberg-apotheke.at\/katalog\/wp-json\/wp\/v2\/product_cat?post=47056"},{"taxonomy":"product_tag","embeddable":true,"href":"https:\/\/www.hirtenberg-apotheke.at\/katalog\/wp-json\/wp\/v2\/product_tag?post=47056"}],"curies":[{"name":"wp","href":"https:\/\/api.w.org\/{rel}","templated":true}]}}