{"id":47183,"date":"2025-11-26T12:23:06","date_gmt":"2025-11-26T11:23:06","guid":{"rendered":"https:\/\/www.hirtenberg-apotheke.at\/katalog\/produkt\/contour-next-one-blutzuckermessgeraet\/"},"modified":"2025-11-26T12:23:15","modified_gmt":"2025-11-26T11:23:15","slug":"contour-next-one-blutzuckermessgeraet","status":"publish","type":"product","link":"https:\/\/www.hirtenberg-apotheke.at\/katalog\/produkt\/contour-next-one-blutzuckermessgeraet\/","title":{"rendered":"CONTOUR Next One Blutzuckermessger\u00e4t"},"content":{"rendered":"<p>Mit dem CONTOUR\u00aeNEXT ONEBlutzuckermessger\u00e4t k\u00f6nnen Sie einfach und hochpr\u00e4zise Ihren Blutzucker messen.Zus\u00e4tzlich gibt Ihnen das CONTOUR\u00aeNEXT ONE Blutzuckermessger\u00e4t zu jedemMesswert direkt Feedback durch ein Farbsignal, damit Sie den Wert sofort einordnenk\u00f6nnen. <\/p>\n<p>Wenn Sie mehr \u00fcber die Zusammenh\u00e4nge von Alltagsgewohnheiten und demBlutzuckerverlauf erfahren wollen, nutzen Sie zus\u00e4tzlich die CONTOUR\u00ae DIABETESApp. Die gemessenen Blutzuckerwerte werden nach einmaligem Koppeln desBlutzuckermessger\u00e4tes mit dem Mobilger\u00e4t automatisch auf die App \u00fcbertragen undprotokolliert. <\/p>\n<p>Das Contour NEXT ONE Blutzuckermessger\u00e4te-Set beinhaltet:<\/p>\n<p>\u2022 Contour NEXT ONE Blutzuckermessger\u00e4t<br \/>\u2022 10 Contour NEXT Testsensoren<br \/>\u2022 Microlet NEXT Stechhilfe<br \/>\u2022 10 farbige Microlet Lanzetten<br \/>\u2022 Ger\u00e4tetasche<br \/>\u2022 Bedienungsanleitung (inkl. Anleitung zum Herunterladen der CONTOUR DiabetesApp)<br \/>\u2022 Kurzbedienungsanleitung<\/p>\n","protected":false},"excerpt":{"rendered":"<p>Mit dem CONTOUR\u00aeNEXT ONEBlutzuckermessger\u00e4t k\u00f6nnen Sie einfach und hochpr\u00e4zise Ihren Blutzucker messen.Zus\u00e4tzlich gibt Ihnen das CONTOUR\u00aeNEXT ONE Blutzuckermessger\u00e4t zu jedemMesswert direkt Feedback durch ein Farbsignal, damit Sie den Wert sofort einordnenk\u00f6nnen. Wenn Sie mehr \u00fcber die Zusammenh\u00e4nge von Alltagsgewohnheiten und demBlutzuckerverlauf erfahren wollen, nutzen Sie zus\u00e4tzlich die CONTOUR\u00ae DIABETESApp. Die gemessenen Blutzuckerwerte werden nach einmaligem [&hellip;]<\/p>\n","protected":false},"featured_media":0,"template":"","meta":{"_acf_changed":false},"product_brand":[],"product_cat":[337],"product_tag":[],"class_list":{"0":"post-47183","1":"product","2":"type-product","3":"status-publish","5":"product_cat-c","6":"pa_packungsgroesse-1-stueck","8":"first","9":"instock","10":"shipping-taxable","11":"purchasable","12":"product-type-simple"},"acf":[],"_links":{"self":[{"href":"https:\/\/www.hirtenberg-apotheke.at\/katalog\/wp-json\/wp\/v2\/product\/47183","targetHints":{"allow":["GET"]}}],"collection":[{"href":"https:\/\/www.hirtenberg-apotheke.at\/katalog\/wp-json\/wp\/v2\/product"}],"about":[{"href":"https:\/\/www.hirtenberg-apotheke.at\/katalog\/wp-json\/wp\/v2\/types\/product"}],"wp:attachment":[{"href":"https:\/\/www.hirtenberg-apotheke.at\/katalog\/wp-json\/wp\/v2\/media?parent=47183"}],"wp:term":[{"taxonomy":"product_brand","embeddable":true,"href":"https:\/\/www.hirtenberg-apotheke.at\/katalog\/wp-json\/wp\/v2\/product_brand?post=47183"},{"taxonomy":"product_cat","embeddable":true,"href":"https:\/\/www.hirtenberg-apotheke.at\/katalog\/wp-json\/wp\/v2\/product_cat?post=47183"},{"taxonomy":"product_tag","embeddable":true,"href":"https:\/\/www.hirtenberg-apotheke.at\/katalog\/wp-json\/wp\/v2\/product_tag?post=47183"}],"curies":[{"name":"wp","href":"https:\/\/api.w.org\/{rel}","templated":true}]}}