{"id":47457,"date":"2025-11-26T12:28:33","date_gmt":"2025-11-26T11:28:33","guid":{"rendered":"https:\/\/www.hirtenberg-apotheke.at\/katalog\/produkt\/cutimed-sorbact-tampon-20-stk-2-x-50-cm\/"},"modified":"2025-11-26T12:28:42","modified_gmt":"2025-11-26T11:28:42","slug":"cutimed-sorbact-tampon-20-stk-2-x-50-cm","status":"publish","type":"product","link":"https:\/\/www.hirtenberg-apotheke.at\/katalog\/produkt\/cutimed-sorbact-tampon-20-stk-2-x-50-cm\/","title":{"rendered":"Cutimed Sorbact Tampon 20 Stk. 2 x 50 cm"},"content":{"rendered":"<p>Cutimed Sorbact Tampon ist ein starker und fortschrittlicher Wundverband, der Infekte auf besonders sichere und effiziente Weise bek\u00e4mpft. Cutimed Sorbact bindet und inaktiviert Keime nach dem Prinzip der hydrophoben Wechselwirkung und kommt ohne die Verwendung chemischer Substanzen aus. Dieser Verband eignet sich besonders als prim\u00e4re Wundauflage f\u00fcr oberfl\u00e4chliche und tiefe Wunden.<\/p>\n","protected":false},"excerpt":{"rendered":"<p>Cutimed Sorbact Tampon ist ein starker und fortschrittlicher Wundverband, der Infekte auf besonders sichere und effiziente Weise bek\u00e4mpft. Cutimed Sorbact bindet und inaktiviert Keime nach dem Prinzip der hydrophoben Wechselwirkung und kommt ohne die Verwendung chemischer Substanzen aus. Dieser Verband eignet sich besonders als prim\u00e4re Wundauflage f\u00fcr oberfl\u00e4chliche und tiefe Wunden.<\/p>\n","protected":false},"featured_media":0,"template":"","meta":{"_acf_changed":false},"product_brand":[],"product_cat":[337],"product_tag":[],"class_list":{"0":"post-47457","1":"product","2":"type-product","3":"status-publish","5":"product_cat-c","6":"pa_packungsgroesse-20-stueck","8":"first","9":"instock","10":"shipping-taxable","11":"purchasable","12":"product-type-simple"},"acf":[],"_links":{"self":[{"href":"https:\/\/www.hirtenberg-apotheke.at\/katalog\/wp-json\/wp\/v2\/product\/47457","targetHints":{"allow":["GET"]}}],"collection":[{"href":"https:\/\/www.hirtenberg-apotheke.at\/katalog\/wp-json\/wp\/v2\/product"}],"about":[{"href":"https:\/\/www.hirtenberg-apotheke.at\/katalog\/wp-json\/wp\/v2\/types\/product"}],"wp:attachment":[{"href":"https:\/\/www.hirtenberg-apotheke.at\/katalog\/wp-json\/wp\/v2\/media?parent=47457"}],"wp:term":[{"taxonomy":"product_brand","embeddable":true,"href":"https:\/\/www.hirtenberg-apotheke.at\/katalog\/wp-json\/wp\/v2\/product_brand?post=47457"},{"taxonomy":"product_cat","embeddable":true,"href":"https:\/\/www.hirtenberg-apotheke.at\/katalog\/wp-json\/wp\/v2\/product_cat?post=47457"},{"taxonomy":"product_tag","embeddable":true,"href":"https:\/\/www.hirtenberg-apotheke.at\/katalog\/wp-json\/wp\/v2\/product_tag?post=47457"}],"curies":[{"name":"wp","href":"https:\/\/api.w.org\/{rel}","templated":true}]}}