{"id":47463,"date":"2025-11-26T12:28:33","date_gmt":"2025-11-26T11:28:33","guid":{"rendered":"https:\/\/www.hirtenberg-apotheke.at\/katalog\/produkt\/sukrin-melis-staubzucker-400-g\/"},"modified":"2025-11-26T12:28:52","modified_gmt":"2025-11-26T11:28:52","slug":"sukrin-melis-staubzucker-400-g","status":"publish","type":"product","link":"https:\/\/www.hirtenberg-apotheke.at\/katalog\/produkt\/sukrin-melis-staubzucker-400-g\/","title":{"rendered":"Sukrin Melis Staubzucker 400 g"},"content":{"rendered":"<p>Sukrin Melis Staubzucker kann ideal zum Backen verwendet werden. Es ersetzt Puderzucker 1:1. Es ist mit einem Hauch von nat\u00fcrlichem Steviosid verfeinert, das in einem einzigartigen Verfahren eingebracht wird. So erh\u00e4lt jedes Kristall SukrinMelis eine Nuance mehr an S\u00fc\u00dfe, ohne den bitteren Abgang anderer Steviaprodukte.<\/p>\n","protected":false},"excerpt":{"rendered":"<p>Sukrin Melis Staubzucker kann ideal zum Backen verwendet werden. Es ersetzt Puderzucker 1:1. Es ist mit einem Hauch von nat\u00fcrlichem Steviosid verfeinert, das in einem einzigartigen Verfahren eingebracht wird. So erh\u00e4lt jedes Kristall SukrinMelis eine Nuance mehr an S\u00fc\u00dfe, ohne den bitteren Abgang anderer Steviaprodukte.<\/p>\n","protected":false},"featured_media":47465,"template":"","meta":{"_acf_changed":false},"product_brand":[],"product_cat":[303],"product_tag":[],"class_list":{"0":"post-47463","1":"product","2":"type-product","3":"status-publish","4":"has-post-thumbnail","6":"product_cat-s","7":"pa_packungsgroesse-400g","9":"first","10":"instock","11":"shipping-taxable","12":"purchasable","13":"product-type-simple"},"acf":[],"_links":{"self":[{"href":"https:\/\/www.hirtenberg-apotheke.at\/katalog\/wp-json\/wp\/v2\/product\/47463","targetHints":{"allow":["GET"]}}],"collection":[{"href":"https:\/\/www.hirtenberg-apotheke.at\/katalog\/wp-json\/wp\/v2\/product"}],"about":[{"href":"https:\/\/www.hirtenberg-apotheke.at\/katalog\/wp-json\/wp\/v2\/types\/product"}],"wp:featuredmedia":[{"embeddable":true,"href":"https:\/\/www.hirtenberg-apotheke.at\/katalog\/wp-json\/wp\/v2\/media\/47465"}],"wp:attachment":[{"href":"https:\/\/www.hirtenberg-apotheke.at\/katalog\/wp-json\/wp\/v2\/media?parent=47463"}],"wp:term":[{"taxonomy":"product_brand","embeddable":true,"href":"https:\/\/www.hirtenberg-apotheke.at\/katalog\/wp-json\/wp\/v2\/product_brand?post=47463"},{"taxonomy":"product_cat","embeddable":true,"href":"https:\/\/www.hirtenberg-apotheke.at\/katalog\/wp-json\/wp\/v2\/product_cat?post=47463"},{"taxonomy":"product_tag","embeddable":true,"href":"https:\/\/www.hirtenberg-apotheke.at\/katalog\/wp-json\/wp\/v2\/product_tag?post=47463"}],"curies":[{"name":"wp","href":"https:\/\/api.w.org\/{rel}","templated":true}]}}