{"id":47523,"date":"2025-11-26T12:30:00","date_gmt":"2025-11-26T11:30:00","guid":{"rendered":"https:\/\/www.hirtenberg-apotheke.at\/katalog\/produkt\/dr-hauschka-koerper-neem-nageloel-stift-3-ml\/"},"modified":"2025-11-26T12:30:04","modified_gmt":"2025-11-26T11:30:04","slug":"dr-hauschka-koerper-neem-nageloel-stift-3-ml","status":"publish","type":"product","link":"https:\/\/www.hirtenberg-apotheke.at\/katalog\/produkt\/dr-hauschka-koerper-neem-nageloel-stift-3-ml\/","title":{"rendered":"Dr. Hauschka K\u00f6rper Neem Nagel\u00f6l Stift 3 ml"},"content":{"rendered":"<p>Dr. Hauschka K\u00f6rper Neem Nagel\u00f6l Stift ist die Basis f\u00fcr gesunde und gepflegte N\u00e4gel. Die intensive Pflege schenkt den N\u00e4geln neue Festigkeit und Elastizit\u00e4t. Die Komposition mit Neem, Wundklee und Kamille unterst\u00fctzt die Nagelstruktur und pflegt auch empfindliche, rissige, zu Entz\u00fcndungen neigende Nagelhaut. Die gest\u00e4rkte Nagelsubstanz w\u00e4chst gesund nach.<\/p>\n","protected":false},"excerpt":{"rendered":"<p>Dr. Hauschka K\u00f6rper Neem Nagel\u00f6l Stift ist die Basis f\u00fcr gesunde und gepflegte N\u00e4gel. Die intensive Pflege schenkt den N\u00e4geln neue Festigkeit und Elastizit\u00e4t. Die Komposition mit Neem, Wundklee und Kamille unterst\u00fctzt die Nagelstruktur und pflegt auch empfindliche, rissige, zu Entz\u00fcndungen neigende Nagelhaut. Die gest\u00e4rkte Nagelsubstanz w\u00e4chst gesund nach.<\/p>\n","protected":false},"featured_media":47525,"template":"","meta":{"_acf_changed":false},"product_brand":[695],"product_cat":[295],"product_tag":[],"class_list":{"0":"post-47523","1":"product","2":"type-product","3":"status-publish","4":"has-post-thumbnail","6":"product_brand-dr-hauschka","7":"product_cat-d","8":"pa_packungsgroesse-1-stueck","10":"first","11":"instock","12":"shipping-taxable","13":"purchasable","14":"product-type-simple"},"acf":[],"_links":{"self":[{"href":"https:\/\/www.hirtenberg-apotheke.at\/katalog\/wp-json\/wp\/v2\/product\/47523","targetHints":{"allow":["GET"]}}],"collection":[{"href":"https:\/\/www.hirtenberg-apotheke.at\/katalog\/wp-json\/wp\/v2\/product"}],"about":[{"href":"https:\/\/www.hirtenberg-apotheke.at\/katalog\/wp-json\/wp\/v2\/types\/product"}],"wp:featuredmedia":[{"embeddable":true,"href":"https:\/\/www.hirtenberg-apotheke.at\/katalog\/wp-json\/wp\/v2\/media\/47525"}],"wp:attachment":[{"href":"https:\/\/www.hirtenberg-apotheke.at\/katalog\/wp-json\/wp\/v2\/media?parent=47523"}],"wp:term":[{"taxonomy":"product_brand","embeddable":true,"href":"https:\/\/www.hirtenberg-apotheke.at\/katalog\/wp-json\/wp\/v2\/product_brand?post=47523"},{"taxonomy":"product_cat","embeddable":true,"href":"https:\/\/www.hirtenberg-apotheke.at\/katalog\/wp-json\/wp\/v2\/product_cat?post=47523"},{"taxonomy":"product_tag","embeddable":true,"href":"https:\/\/www.hirtenberg-apotheke.at\/katalog\/wp-json\/wp\/v2\/product_tag?post=47523"}],"curies":[{"name":"wp","href":"https:\/\/api.w.org\/{rel}","templated":true}]}}