{"id":47526,"date":"2025-11-26T12:30:00","date_gmt":"2025-11-26T11:30:00","guid":{"rendered":"https:\/\/www.hirtenberg-apotheke.at\/katalog\/produkt\/pulmoll-bonbons-50-g-mixed-berry-oz\/"},"modified":"2025-11-26T12:30:07","modified_gmt":"2025-11-26T11:30:07","slug":"pulmoll-bonbons-50-g-mixed-berry-oz","status":"publish","type":"product","link":"https:\/\/www.hirtenberg-apotheke.at\/katalog\/produkt\/pulmoll-bonbons-50-g-mixed-berry-oz\/","title":{"rendered":"Pulmoll Bonbons 50 g Mixed Berry OZ"},"content":{"rendered":"<p>Kalfany S\u00fc\u00dfe Werbung GmbH &#038; Co. KG ist europaweit gr\u00f6\u00dfter Dosenbonbon-Hersteller, Marktf\u00fchrer f\u00fcr individuell bedruckte s\u00fc\u00dfe Werbeartikel sowie exklusiver Hersteller von B\u00e4ren Company Fruchtgummi  jetzt mit hohem Rabatt bestellen!<\/p>\n","protected":false},"excerpt":{"rendered":"<p>Kalfany S\u00fc\u00dfe Werbung GmbH &#038; Co. KG ist europaweit gr\u00f6\u00dfter Dosenbonbon-Hersteller, Marktf\u00fchrer f\u00fcr individuell bedruckte s\u00fc\u00dfe Werbeartikel sowie exklusiver Hersteller von B\u00e4ren Company Fruchtgummi jetzt mit hohem Rabatt bestellen!<\/p>\n","protected":false},"featured_media":47528,"template":"","meta":{"_acf_changed":false},"product_brand":[],"product_cat":[302],"product_tag":[],"class_list":{"0":"post-47526","1":"product","2":"type-product","3":"status-publish","4":"has-post-thumbnail","6":"product_cat-p","7":"pa_packungsgroesse-50g","9":"first","10":"instock","11":"shipping-taxable","12":"purchasable","13":"product-type-simple"},"acf":[],"_links":{"self":[{"href":"https:\/\/www.hirtenberg-apotheke.at\/katalog\/wp-json\/wp\/v2\/product\/47526","targetHints":{"allow":["GET"]}}],"collection":[{"href":"https:\/\/www.hirtenberg-apotheke.at\/katalog\/wp-json\/wp\/v2\/product"}],"about":[{"href":"https:\/\/www.hirtenberg-apotheke.at\/katalog\/wp-json\/wp\/v2\/types\/product"}],"wp:featuredmedia":[{"embeddable":true,"href":"https:\/\/www.hirtenberg-apotheke.at\/katalog\/wp-json\/wp\/v2\/media\/47528"}],"wp:attachment":[{"href":"https:\/\/www.hirtenberg-apotheke.at\/katalog\/wp-json\/wp\/v2\/media?parent=47526"}],"wp:term":[{"taxonomy":"product_brand","embeddable":true,"href":"https:\/\/www.hirtenberg-apotheke.at\/katalog\/wp-json\/wp\/v2\/product_brand?post=47526"},{"taxonomy":"product_cat","embeddable":true,"href":"https:\/\/www.hirtenberg-apotheke.at\/katalog\/wp-json\/wp\/v2\/product_cat?post=47526"},{"taxonomy":"product_tag","embeddable":true,"href":"https:\/\/www.hirtenberg-apotheke.at\/katalog\/wp-json\/wp\/v2\/product_tag?post=47526"}],"curies":[{"name":"wp","href":"https:\/\/api.w.org\/{rel}","templated":true}]}}