{"id":47529,"date":"2025-11-26T12:30:00","date_gmt":"2025-11-26T11:30:00","guid":{"rendered":"https:\/\/www.hirtenberg-apotheke.at\/katalog\/produkt\/manikuer-staebchen-mavala-5-stk\/"},"modified":"2025-11-26T12:30:09","modified_gmt":"2025-11-26T11:30:09","slug":"manikuer-staebchen-mavala-5-stk","status":"publish","type":"product","link":"https:\/\/www.hirtenberg-apotheke.at\/katalog\/produkt\/manikuer-staebchen-mavala-5-stk\/","title":{"rendered":"Manik\u00fcr St\u00e4bchen Mavala 5 Stk."},"content":{"rendered":"<p>Manik\u00fcr St\u00e4bchen ist ein praktisches Manik\u00fcre-St\u00e4bchen aus Birkenholz f\u00fcr eine einfache Manik\u00fcre. Das abgeschr\u00e4gte Ende kann mit Watte umwickelt werden, um die Nagelhaut zur\u00fcckzurollen und abgestorbene Haut zu entfernen. Die pfeilf\u00f6rmige Seite eignet sich, um Nagellackkleckse zu entfernen oder die Nagelspitze zu reinigen.<\/p>\n","protected":false},"excerpt":{"rendered":"<p>Manik\u00fcr St\u00e4bchen ist ein praktisches Manik\u00fcre-St\u00e4bchen aus Birkenholz f\u00fcr eine einfache Manik\u00fcre. Das abgeschr\u00e4gte Ende kann mit Watte umwickelt werden, um die Nagelhaut zur\u00fcckzurollen und abgestorbene Haut zu entfernen. Die pfeilf\u00f6rmige Seite eignet sich, um Nagellackkleckse zu entfernen oder die Nagelspitze zu reinigen.<\/p>\n","protected":false},"featured_media":47531,"template":"","meta":{"_acf_changed":false},"product_brand":[763],"product_cat":[308],"product_tag":[],"class_list":{"0":"post-47529","1":"product","2":"type-product","3":"status-publish","4":"has-post-thumbnail","6":"product_brand-mavala","7":"product_cat-m","8":"pa_packungsgroesse-5-stueck","10":"first","11":"instock","12":"shipping-taxable","13":"purchasable","14":"product-type-simple"},"acf":[],"_links":{"self":[{"href":"https:\/\/www.hirtenberg-apotheke.at\/katalog\/wp-json\/wp\/v2\/product\/47529","targetHints":{"allow":["GET"]}}],"collection":[{"href":"https:\/\/www.hirtenberg-apotheke.at\/katalog\/wp-json\/wp\/v2\/product"}],"about":[{"href":"https:\/\/www.hirtenberg-apotheke.at\/katalog\/wp-json\/wp\/v2\/types\/product"}],"wp:featuredmedia":[{"embeddable":true,"href":"https:\/\/www.hirtenberg-apotheke.at\/katalog\/wp-json\/wp\/v2\/media\/47531"}],"wp:attachment":[{"href":"https:\/\/www.hirtenberg-apotheke.at\/katalog\/wp-json\/wp\/v2\/media?parent=47529"}],"wp:term":[{"taxonomy":"product_brand","embeddable":true,"href":"https:\/\/www.hirtenberg-apotheke.at\/katalog\/wp-json\/wp\/v2\/product_brand?post=47529"},{"taxonomy":"product_cat","embeddable":true,"href":"https:\/\/www.hirtenberg-apotheke.at\/katalog\/wp-json\/wp\/v2\/product_cat?post=47529"},{"taxonomy":"product_tag","embeddable":true,"href":"https:\/\/www.hirtenberg-apotheke.at\/katalog\/wp-json\/wp\/v2\/product_tag?post=47529"}],"curies":[{"name":"wp","href":"https:\/\/api.w.org\/{rel}","templated":true}]}}