{"id":47544,"date":"2025-11-26T12:30:22","date_gmt":"2025-11-26T11:30:22","guid":{"rendered":"https:\/\/www.hirtenberg-apotheke.at\/katalog\/produkt\/espara-immunstark-kapseln-60-stk\/"},"modified":"2025-11-26T12:30:27","modified_gmt":"2025-11-26T11:30:27","slug":"espara-immunstark-kapseln-60-stk","status":"publish","type":"product","link":"https:\/\/www.hirtenberg-apotheke.at\/katalog\/produkt\/espara-immunstark-kapseln-60-stk\/","title":{"rendered":"Espara Immunstark Kapseln 60 Stk."},"content":{"rendered":"<p>Nahrungserg\u00e4nzungsmittel mit Vitaminen und Mineralstoffen in Kombination mit Cistus, Ingwer und Kapuzinerkresse zur St\u00e4rkung der Abwehrkr\u00e4fte. Vitamin C und D, Selen und Zink tragen zur normalen Funktion des Immunsystems bei.<\/p>\n","protected":false},"excerpt":{"rendered":"<p>Nahrungserg\u00e4nzungsmittel mit Vitaminen und Mineralstoffen in Kombination mit Cistus, Ingwer und Kapuzinerkresse zur St\u00e4rkung der Abwehrkr\u00e4fte. Vitamin C und D, Selen und Zink tragen zur normalen Funktion des Immunsystems bei.<\/p>\n","protected":false},"featured_media":47546,"template":"","meta":{"_acf_changed":false},"product_brand":[341],"product_cat":[307],"product_tag":[],"class_list":{"0":"post-47544","1":"product","2":"type-product","3":"status-publish","4":"has-post-thumbnail","6":"product_brand-espara","7":"product_cat-e","8":"pa_packungsgroesse-60-stueck","10":"first","11":"instock","12":"shipping-taxable","13":"purchasable","14":"product-type-simple"},"acf":[],"_links":{"self":[{"href":"https:\/\/www.hirtenberg-apotheke.at\/katalog\/wp-json\/wp\/v2\/product\/47544","targetHints":{"allow":["GET"]}}],"collection":[{"href":"https:\/\/www.hirtenberg-apotheke.at\/katalog\/wp-json\/wp\/v2\/product"}],"about":[{"href":"https:\/\/www.hirtenberg-apotheke.at\/katalog\/wp-json\/wp\/v2\/types\/product"}],"wp:featuredmedia":[{"embeddable":true,"href":"https:\/\/www.hirtenberg-apotheke.at\/katalog\/wp-json\/wp\/v2\/media\/47546"}],"wp:attachment":[{"href":"https:\/\/www.hirtenberg-apotheke.at\/katalog\/wp-json\/wp\/v2\/media?parent=47544"}],"wp:term":[{"taxonomy":"product_brand","embeddable":true,"href":"https:\/\/www.hirtenberg-apotheke.at\/katalog\/wp-json\/wp\/v2\/product_brand?post=47544"},{"taxonomy":"product_cat","embeddable":true,"href":"https:\/\/www.hirtenberg-apotheke.at\/katalog\/wp-json\/wp\/v2\/product_cat?post=47544"},{"taxonomy":"product_tag","embeddable":true,"href":"https:\/\/www.hirtenberg-apotheke.at\/katalog\/wp-json\/wp\/v2\/product_tag?post=47544"}],"curies":[{"name":"wp","href":"https:\/\/api.w.org\/{rel}","templated":true}]}}