{"id":47602,"date":"2025-11-26T12:30:54","date_gmt":"2025-11-26T11:30:54","guid":{"rendered":"https:\/\/www.hirtenberg-apotheke.at\/katalog\/produkt\/sonnentor-rodriguez-chili-con-carne-packung-40-g-bio\/"},"modified":"2025-11-26T12:31:50","modified_gmt":"2025-11-26T11:31:50","slug":"sonnentor-rodriguez-chili-con-carne-packung-40-g-bio","status":"publish","type":"product","link":"https:\/\/www.hirtenberg-apotheke.at\/katalog\/produkt\/sonnentor-rodriguez-chili-con-carne-packung-40-g-bio\/","title":{"rendered":"Sonnentor Rodriguez Chili con Carne Packung 40 g BIO"},"content":{"rendered":"<p>Sonnentor Rodriguez&#8216; Chili con Carne in der 40 g Packung ist eine feurig-scharfe Komposition aus Paprika edels\u00fc\u00df, Tomaten, Oregano, Knoblauch, Kreuzk\u00fcmmel, Chili und Zimt, die die richtige Abwechslung in Ihre Chilis con oder sin Carne, Nudel-, Reis- und Hackfleischgerichte bringt<\/p>\n","protected":false},"excerpt":{"rendered":"<p>Sonnentor Rodriguez&#8216; Chili con Carne in der 40 g Packung ist eine feurig-scharfe Komposition aus Paprika edels\u00fc\u00df, Tomaten, Oregano, Knoblauch, Kreuzk\u00fcmmel, Chili und Zimt, die die richtige Abwechslung in Ihre Chilis con oder sin Carne, Nudel-, Reis- und Hackfleischgerichte bringt<\/p>\n","protected":false},"featured_media":47604,"template":"","meta":{"_acf_changed":false},"product_brand":[917],"product_cat":[303],"product_tag":[],"class_list":{"0":"post-47602","1":"product","2":"type-product","3":"status-publish","4":"has-post-thumbnail","6":"product_brand-sonnentor","7":"product_cat-s","8":"pa_packungsgroesse-40g","10":"first","11":"instock","12":"shipping-taxable","13":"purchasable","14":"product-type-simple"},"acf":[],"_links":{"self":[{"href":"https:\/\/www.hirtenberg-apotheke.at\/katalog\/wp-json\/wp\/v2\/product\/47602","targetHints":{"allow":["GET"]}}],"collection":[{"href":"https:\/\/www.hirtenberg-apotheke.at\/katalog\/wp-json\/wp\/v2\/product"}],"about":[{"href":"https:\/\/www.hirtenberg-apotheke.at\/katalog\/wp-json\/wp\/v2\/types\/product"}],"wp:featuredmedia":[{"embeddable":true,"href":"https:\/\/www.hirtenberg-apotheke.at\/katalog\/wp-json\/wp\/v2\/media\/47604"}],"wp:attachment":[{"href":"https:\/\/www.hirtenberg-apotheke.at\/katalog\/wp-json\/wp\/v2\/media?parent=47602"}],"wp:term":[{"taxonomy":"product_brand","embeddable":true,"href":"https:\/\/www.hirtenberg-apotheke.at\/katalog\/wp-json\/wp\/v2\/product_brand?post=47602"},{"taxonomy":"product_cat","embeddable":true,"href":"https:\/\/www.hirtenberg-apotheke.at\/katalog\/wp-json\/wp\/v2\/product_cat?post=47602"},{"taxonomy":"product_tag","embeddable":true,"href":"https:\/\/www.hirtenberg-apotheke.at\/katalog\/wp-json\/wp\/v2\/product_tag?post=47602"}],"curies":[{"name":"wp","href":"https:\/\/api.w.org\/{rel}","templated":true}]}}