{"id":47638,"date":"2025-11-26T12:32:11","date_gmt":"2025-11-26T11:32:11","guid":{"rendered":"https:\/\/www.hirtenberg-apotheke.at\/katalog\/produkt\/melasan-numalt-kohlenhydrat-3500-pulver-450-g\/"},"modified":"2025-11-26T12:32:28","modified_gmt":"2025-11-26T11:32:28","slug":"melasan-numalt-kohlenhydrat-3500-pulver-450-g","status":"publish","type":"product","link":"https:\/\/www.hirtenberg-apotheke.at\/katalog\/produkt\/melasan-numalt-kohlenhydrat-3500-pulver-450-g\/","title":{"rendered":"Melasan Numalt Kohlenhydrat 3500 Pulver 450 g"},"content":{"rendered":"<p>Numalt Kohlehydrat Pulver 3500 450 g ist eine innovative Kohlenhydraterg\u00e4nzung mit sehr tiefen Dextrose \u00c4quivalent und verminderten glyk\u00e4mischen Index und eignet sich in dieser Phase der Wettkampfvorbereitung bestens zur Glykogen-Superkompensation. Numalt 3500 eignet sich auch f\u00fcr die Erg\u00e4nzung von Smoothies, Suppen, Puddings oder \u00e4hnlichen Speisen<\/p>\n","protected":false},"excerpt":{"rendered":"<p>Numalt Kohlehydrat Pulver 3500 450 g ist eine innovative Kohlenhydraterg\u00e4nzung mit sehr tiefen Dextrose \u00c4quivalent und verminderten glyk\u00e4mischen Index und eignet sich in dieser Phase der Wettkampfvorbereitung bestens zur Glykogen-Superkompensation. Numalt 3500 eignet sich auch f\u00fcr die Erg\u00e4nzung von Smoothies, Suppen, Puddings oder \u00e4hnlichen Speisen<\/p>\n","protected":false},"featured_media":47640,"template":"","meta":{"_acf_changed":false},"product_brand":[323],"product_cat":[308],"product_tag":[],"class_list":{"0":"post-47638","1":"product","2":"type-product","3":"status-publish","4":"has-post-thumbnail","6":"product_brand-melasan","7":"product_cat-m","8":"pa_packungsgroesse-450g","10":"first","11":"instock","12":"shipping-taxable","13":"purchasable","14":"product-type-simple"},"acf":[],"_links":{"self":[{"href":"https:\/\/www.hirtenberg-apotheke.at\/katalog\/wp-json\/wp\/v2\/product\/47638","targetHints":{"allow":["GET"]}}],"collection":[{"href":"https:\/\/www.hirtenberg-apotheke.at\/katalog\/wp-json\/wp\/v2\/product"}],"about":[{"href":"https:\/\/www.hirtenberg-apotheke.at\/katalog\/wp-json\/wp\/v2\/types\/product"}],"wp:featuredmedia":[{"embeddable":true,"href":"https:\/\/www.hirtenberg-apotheke.at\/katalog\/wp-json\/wp\/v2\/media\/47640"}],"wp:attachment":[{"href":"https:\/\/www.hirtenberg-apotheke.at\/katalog\/wp-json\/wp\/v2\/media?parent=47638"}],"wp:term":[{"taxonomy":"product_brand","embeddable":true,"href":"https:\/\/www.hirtenberg-apotheke.at\/katalog\/wp-json\/wp\/v2\/product_brand?post=47638"},{"taxonomy":"product_cat","embeddable":true,"href":"https:\/\/www.hirtenberg-apotheke.at\/katalog\/wp-json\/wp\/v2\/product_cat?post=47638"},{"taxonomy":"product_tag","embeddable":true,"href":"https:\/\/www.hirtenberg-apotheke.at\/katalog\/wp-json\/wp\/v2\/product_tag?post=47638"}],"curies":[{"name":"wp","href":"https:\/\/api.w.org\/{rel}","templated":true}]}}