{"id":47668,"date":"2025-11-26T12:32:59","date_gmt":"2025-11-26T11:32:59","guid":{"rendered":"https:\/\/www.hirtenberg-apotheke.at\/katalog\/produkt\/kolloidales-gold-tropfen-spagyrik-12-ppm-50-ml\/"},"modified":"2025-11-26T12:33:00","modified_gmt":"2025-11-26T11:33:00","slug":"kolloidales-gold-tropfen-spagyrik-12-ppm-50-ml","status":"publish","type":"product","link":"https:\/\/www.hirtenberg-apotheke.at\/katalog\/produkt\/kolloidales-gold-tropfen-spagyrik-12-ppm-50-ml\/","title":{"rendered":"Kolloidales Gold Tropfen Spagyrik 12 ppm 50 ml"},"content":{"rendered":"<p>Kolloidales Gold Tropfen Spagyrik werden seit jeher f\u00fcr ihre heilenden Zwecke in der Rheumatherapie gesch\u00e4tzt. Und auch die Chinesen bewiesen sich als \u00e4u\u00dferst kreativ, die bereits zu Urzeiten Goldm\u00fcnzen bei der Zubereitung ihrer Speisen mit kochten, um so dieses wichtige Spurenelement in ihre Nahrungsaufnahme zu integrieren.<\/p>\n","protected":false},"excerpt":{"rendered":"<p>Kolloidales Gold Tropfen Spagyrik werden seit jeher f\u00fcr ihre heilenden Zwecke in der Rheumatherapie gesch\u00e4tzt. Und auch die Chinesen bewiesen sich als \u00e4u\u00dferst kreativ, die bereits zu Urzeiten Goldm\u00fcnzen bei der Zubereitung ihrer Speisen mit kochten, um so dieses wichtige Spurenelement in ihre Nahrungsaufnahme zu integrieren.<\/p>\n","protected":false},"featured_media":0,"template":"","meta":{"_acf_changed":false},"product_brand":[],"product_cat":[387],"product_tag":[],"class_list":{"0":"post-47668","1":"product","2":"type-product","3":"status-publish","5":"product_cat-k","6":"pa_packungsgroesse-50ml","8":"first","9":"instock","10":"shipping-taxable","11":"purchasable","12":"product-type-simple"},"acf":[],"_links":{"self":[{"href":"https:\/\/www.hirtenberg-apotheke.at\/katalog\/wp-json\/wp\/v2\/product\/47668","targetHints":{"allow":["GET"]}}],"collection":[{"href":"https:\/\/www.hirtenberg-apotheke.at\/katalog\/wp-json\/wp\/v2\/product"}],"about":[{"href":"https:\/\/www.hirtenberg-apotheke.at\/katalog\/wp-json\/wp\/v2\/types\/product"}],"wp:attachment":[{"href":"https:\/\/www.hirtenberg-apotheke.at\/katalog\/wp-json\/wp\/v2\/media?parent=47668"}],"wp:term":[{"taxonomy":"product_brand","embeddable":true,"href":"https:\/\/www.hirtenberg-apotheke.at\/katalog\/wp-json\/wp\/v2\/product_brand?post=47668"},{"taxonomy":"product_cat","embeddable":true,"href":"https:\/\/www.hirtenberg-apotheke.at\/katalog\/wp-json\/wp\/v2\/product_cat?post=47668"},{"taxonomy":"product_tag","embeddable":true,"href":"https:\/\/www.hirtenberg-apotheke.at\/katalog\/wp-json\/wp\/v2\/product_tag?post=47668"}],"curies":[{"name":"wp","href":"https:\/\/api.w.org\/{rel}","templated":true}]}}