{"id":47696,"date":"2025-11-26T12:33:08","date_gmt":"2025-11-26T11:33:08","guid":{"rendered":"https:\/\/www.hirtenberg-apotheke.at\/katalog\/produkt\/ducray-hidrosis-control-roll-on-40-ml\/"},"modified":"2025-11-26T12:33:27","modified_gmt":"2025-11-26T11:33:27","slug":"ducray-hidrosis-control-roll-on-40-ml","status":"publish","type":"product","link":"https:\/\/www.hirtenberg-apotheke.at\/katalog\/produkt\/ducray-hidrosis-control-roll-on-40-ml\/","title":{"rendered":"Ducray HIDROSIS CONTROL Roll-on 40 ml"},"content":{"rendered":"<p>Das hoch vertr\u00e4gliche HIDROSIS CONTROL Anti-Transpirant Roll-on ist 3-fach wirksam: Aluminiumsalz reguliert die Schwei\u00dfproduktion, Zinkricinoleat entfernt Ger\u00fcche und das enthaltene Triethylcitrat wirkt anti-bakteriell, um eine erneute Geruchsbildung zu vermeiden. Auf Alkohol und Parf\u00fcm wird komplett verzichtet. Das Roll-On ist somit hochvertr\u00e4glich &#8211; jetzt stark preisreduziert bestellen!<\/p>\n","protected":false},"excerpt":{"rendered":"<p>Das hoch vertr\u00e4gliche HIDROSIS CONTROL Anti-Transpirant Roll-on ist 3-fach wirksam: Aluminiumsalz reguliert die Schwei\u00dfproduktion, Zinkricinoleat entfernt Ger\u00fcche und das enthaltene Triethylcitrat wirkt anti-bakteriell, um eine erneute Geruchsbildung zu vermeiden. Auf Alkohol und Parf\u00fcm wird komplett verzichtet. Das Roll-On ist somit hochvertr\u00e4glich &#8211; jetzt stark preisreduziert bestellen!<\/p>\n","protected":false},"featured_media":47698,"template":"","meta":{"_acf_changed":false},"product_brand":[711],"product_cat":[295],"product_tag":[],"class_list":{"0":"post-47696","1":"product","2":"type-product","3":"status-publish","4":"has-post-thumbnail","6":"product_brand-ducray","7":"product_cat-d","8":"pa_packungsgroesse-1-stueck","10":"first","11":"instock","12":"shipping-taxable","13":"purchasable","14":"product-type-simple"},"acf":[],"_links":{"self":[{"href":"https:\/\/www.hirtenberg-apotheke.at\/katalog\/wp-json\/wp\/v2\/product\/47696","targetHints":{"allow":["GET"]}}],"collection":[{"href":"https:\/\/www.hirtenberg-apotheke.at\/katalog\/wp-json\/wp\/v2\/product"}],"about":[{"href":"https:\/\/www.hirtenberg-apotheke.at\/katalog\/wp-json\/wp\/v2\/types\/product"}],"wp:featuredmedia":[{"embeddable":true,"href":"https:\/\/www.hirtenberg-apotheke.at\/katalog\/wp-json\/wp\/v2\/media\/47698"}],"wp:attachment":[{"href":"https:\/\/www.hirtenberg-apotheke.at\/katalog\/wp-json\/wp\/v2\/media?parent=47696"}],"wp:term":[{"taxonomy":"product_brand","embeddable":true,"href":"https:\/\/www.hirtenberg-apotheke.at\/katalog\/wp-json\/wp\/v2\/product_brand?post=47696"},{"taxonomy":"product_cat","embeddable":true,"href":"https:\/\/www.hirtenberg-apotheke.at\/katalog\/wp-json\/wp\/v2\/product_cat?post=47696"},{"taxonomy":"product_tag","embeddable":true,"href":"https:\/\/www.hirtenberg-apotheke.at\/katalog\/wp-json\/wp\/v2\/product_tag?post=47696"}],"curies":[{"name":"wp","href":"https:\/\/api.w.org\/{rel}","templated":true}]}}