{"id":47701,"date":"2025-11-26T12:33:28","date_gmt":"2025-11-26T11:33:28","guid":{"rendered":"https:\/\/www.hirtenberg-apotheke.at\/katalog\/produkt\/hanoju-bio-spirulina-tabletten-400-mg-300-stk\/"},"modified":"2025-11-26T12:33:33","modified_gmt":"2025-11-26T11:33:33","slug":"hanoju-bio-spirulina-tabletten-400-mg-300-stk","status":"publish","type":"product","link":"https:\/\/www.hirtenberg-apotheke.at\/katalog\/produkt\/hanoju-bio-spirulina-tabletten-400-mg-300-stk\/","title":{"rendered":"Hanoju Bio Spirulina Tabletten 400 mg 300 Stk."},"content":{"rendered":"<p>Hanoju Bio Spirulina Tabletten 400 mg ist ein Nahrungserg\u00e4nzungsmittel aus der Spirulina Alge.Das Produkt enth\u00e4lt ausschlie\u00dflich biologische Inhaltsstoffe.<\/p>\n","protected":false},"excerpt":{"rendered":"<p>Hanoju Bio Spirulina Tabletten 400 mg ist ein Nahrungserg\u00e4nzungsmittel aus der Spirulina Alge.Das Produkt enth\u00e4lt ausschlie\u00dflich biologische Inhaltsstoffe.<\/p>\n","protected":false},"featured_media":0,"template":"","meta":{"_acf_changed":false},"product_brand":[],"product_cat":[330],"product_tag":[],"class_list":{"0":"post-47701","1":"product","2":"type-product","3":"status-publish","5":"product_cat-h","6":"pa_packungsgroesse-300-stueck","8":"first","9":"instock","10":"shipping-taxable","11":"purchasable","12":"product-type-simple"},"acf":[],"_links":{"self":[{"href":"https:\/\/www.hirtenberg-apotheke.at\/katalog\/wp-json\/wp\/v2\/product\/47701","targetHints":{"allow":["GET"]}}],"collection":[{"href":"https:\/\/www.hirtenberg-apotheke.at\/katalog\/wp-json\/wp\/v2\/product"}],"about":[{"href":"https:\/\/www.hirtenberg-apotheke.at\/katalog\/wp-json\/wp\/v2\/types\/product"}],"wp:attachment":[{"href":"https:\/\/www.hirtenberg-apotheke.at\/katalog\/wp-json\/wp\/v2\/media?parent=47701"}],"wp:term":[{"taxonomy":"product_brand","embeddable":true,"href":"https:\/\/www.hirtenberg-apotheke.at\/katalog\/wp-json\/wp\/v2\/product_brand?post=47701"},{"taxonomy":"product_cat","embeddable":true,"href":"https:\/\/www.hirtenberg-apotheke.at\/katalog\/wp-json\/wp\/v2\/product_cat?post=47701"},{"taxonomy":"product_tag","embeddable":true,"href":"https:\/\/www.hirtenberg-apotheke.at\/katalog\/wp-json\/wp\/v2\/product_tag?post=47701"}],"curies":[{"name":"wp","href":"https:\/\/api.w.org\/{rel}","templated":true}]}}