{"id":47853,"date":"2025-11-26T12:36:35","date_gmt":"2025-11-26T11:36:35","guid":{"rendered":"https:\/\/www.hirtenberg-apotheke.at\/katalog\/produkt\/dermaplast-active-sport-fix-kurzzugbinde-beige-8cm-x-5m\/"},"modified":"2025-11-26T12:36:39","modified_gmt":"2025-11-26T11:36:39","slug":"dermaplast-active-sport-fix-kurzzugbinde-beige-8cm-x-5m","status":"publish","type":"product","link":"https:\/\/www.hirtenberg-apotheke.at\/katalog\/produkt\/dermaplast-active-sport-fix-kurzzugbinde-beige-8cm-x-5m\/","title":{"rendered":"DermaPLAST ACTIVE Sport Fix Kurzzugbinde beige 8cm x 5m"},"content":{"rendered":"<p>DermaPlast\u00ae ACTIVE Sport Fix Kurzzugbinde hautfarben 8 cm x 5 m unterst\u00fctzt bei der Fixation und Ruhigstellung von Verstauchungen, Verrenkungen und Zerrungen. Die robuste, koh\u00e4sive Binde aus 97 % Baumwolle, 2 % Polyamid und 1 % Polyurethan ist von Hand rei\u00dfbar, das Material ist sehr elastisch, por\u00f6s und luftdurchl\u00e4ssig. Besonders geeignet ist die DermaPlast\u00ae ACTIVE Sport Fix Kurzzugbinde bei f\u00fcr Sport und viel Bewegung.<\/p>\n","protected":false},"excerpt":{"rendered":"<p>DermaPlast\u00ae ACTIVE Sport Fix Kurzzugbinde hautfarben 8 cm x 5 m unterst\u00fctzt bei der Fixation und Ruhigstellung von Verstauchungen, Verrenkungen und Zerrungen. Die robuste, koh\u00e4sive Binde aus 97 % Baumwolle, 2 % Polyamid und 1 % Polyurethan ist von Hand rei\u00dfbar, das Material ist sehr elastisch, por\u00f6s und luftdurchl\u00e4ssig. Besonders geeignet ist die DermaPlast\u00ae ACTIVE [&hellip;]<\/p>\n","protected":false},"featured_media":47855,"template":"","meta":{"_acf_changed":false},"product_brand":[],"product_cat":[295],"product_tag":[],"class_list":{"0":"post-47853","1":"product","2":"type-product","3":"status-publish","4":"has-post-thumbnail","6":"product_cat-d","7":"pa_packungsgroesse-1-stueck","9":"first","10":"instock","11":"shipping-taxable","12":"purchasable","13":"product-type-simple"},"acf":[],"_links":{"self":[{"href":"https:\/\/www.hirtenberg-apotheke.at\/katalog\/wp-json\/wp\/v2\/product\/47853","targetHints":{"allow":["GET"]}}],"collection":[{"href":"https:\/\/www.hirtenberg-apotheke.at\/katalog\/wp-json\/wp\/v2\/product"}],"about":[{"href":"https:\/\/www.hirtenberg-apotheke.at\/katalog\/wp-json\/wp\/v2\/types\/product"}],"wp:featuredmedia":[{"embeddable":true,"href":"https:\/\/www.hirtenberg-apotheke.at\/katalog\/wp-json\/wp\/v2\/media\/47855"}],"wp:attachment":[{"href":"https:\/\/www.hirtenberg-apotheke.at\/katalog\/wp-json\/wp\/v2\/media?parent=47853"}],"wp:term":[{"taxonomy":"product_brand","embeddable":true,"href":"https:\/\/www.hirtenberg-apotheke.at\/katalog\/wp-json\/wp\/v2\/product_brand?post=47853"},{"taxonomy":"product_cat","embeddable":true,"href":"https:\/\/www.hirtenberg-apotheke.at\/katalog\/wp-json\/wp\/v2\/product_cat?post=47853"},{"taxonomy":"product_tag","embeddable":true,"href":"https:\/\/www.hirtenberg-apotheke.at\/katalog\/wp-json\/wp\/v2\/product_tag?post=47853"}],"curies":[{"name":"wp","href":"https:\/\/api.w.org\/{rel}","templated":true}]}}