{"id":47892,"date":"2025-11-26T12:37:11","date_gmt":"2025-11-26T11:37:11","guid":{"rendered":"https:\/\/www.hirtenberg-apotheke.at\/katalog\/produkt\/pulmoll-bonbons-50-g-junior-himbeer-oz\/"},"modified":"2025-11-26T12:37:14","modified_gmt":"2025-11-26T11:37:14","slug":"pulmoll-bonbons-50-g-junior-himbeer-oz","status":"publish","type":"product","link":"https:\/\/www.hirtenberg-apotheke.at\/katalog\/produkt\/pulmoll-bonbons-50-g-junior-himbeer-oz\/","title":{"rendered":"Pulmoll Bonbons 50 g Junior Himbeer OZ"},"content":{"rendered":"<p>Kalfany S\u00fc\u00dfe Werbung GmbH &#038; Co. KG ist europaweit gr\u00f6\u00dfter Dosenbonbon-Hersteller, Marktf\u00fchrer f\u00fcr individuell bedruckte s\u00fc\u00dfe Werbeartikel sowie exklusiver Hersteller von B\u00e4ren Company Fruchtgummi  jetzt mit hohem Rabatt bestellen!<\/p>\n","protected":false},"excerpt":{"rendered":"<p>Kalfany S\u00fc\u00dfe Werbung GmbH &#038; Co. KG ist europaweit gr\u00f6\u00dfter Dosenbonbon-Hersteller, Marktf\u00fchrer f\u00fcr individuell bedruckte s\u00fc\u00dfe Werbeartikel sowie exklusiver Hersteller von B\u00e4ren Company Fruchtgummi jetzt mit hohem Rabatt bestellen!<\/p>\n","protected":false},"featured_media":47894,"template":"","meta":{"_acf_changed":false},"product_brand":[],"product_cat":[302],"product_tag":[],"class_list":{"0":"post-47892","1":"product","2":"type-product","3":"status-publish","4":"has-post-thumbnail","6":"product_cat-p","7":"pa_packungsgroesse-50g","9":"first","10":"instock","11":"shipping-taxable","12":"purchasable","13":"product-type-simple"},"acf":[],"_links":{"self":[{"href":"https:\/\/www.hirtenberg-apotheke.at\/katalog\/wp-json\/wp\/v2\/product\/47892","targetHints":{"allow":["GET"]}}],"collection":[{"href":"https:\/\/www.hirtenberg-apotheke.at\/katalog\/wp-json\/wp\/v2\/product"}],"about":[{"href":"https:\/\/www.hirtenberg-apotheke.at\/katalog\/wp-json\/wp\/v2\/types\/product"}],"wp:featuredmedia":[{"embeddable":true,"href":"https:\/\/www.hirtenberg-apotheke.at\/katalog\/wp-json\/wp\/v2\/media\/47894"}],"wp:attachment":[{"href":"https:\/\/www.hirtenberg-apotheke.at\/katalog\/wp-json\/wp\/v2\/media?parent=47892"}],"wp:term":[{"taxonomy":"product_brand","embeddable":true,"href":"https:\/\/www.hirtenberg-apotheke.at\/katalog\/wp-json\/wp\/v2\/product_brand?post=47892"},{"taxonomy":"product_cat","embeddable":true,"href":"https:\/\/www.hirtenberg-apotheke.at\/katalog\/wp-json\/wp\/v2\/product_cat?post=47892"},{"taxonomy":"product_tag","embeddable":true,"href":"https:\/\/www.hirtenberg-apotheke.at\/katalog\/wp-json\/wp\/v2\/product_tag?post=47892"}],"curies":[{"name":"wp","href":"https:\/\/api.w.org\/{rel}","templated":true}]}}