{"id":47919,"date":"2025-11-26T12:37:34","date_gmt":"2025-11-26T11:37:34","guid":{"rendered":"https:\/\/www.hirtenberg-apotheke.at\/katalog\/produkt\/gall-pharma-beifusstropfen-50-ml\/"},"modified":"2025-11-26T12:37:50","modified_gmt":"2025-11-26T11:37:50","slug":"gall-pharma-beifusstropfen-50-ml","status":"publish","type":"product","link":"https:\/\/www.hirtenberg-apotheke.at\/katalog\/produkt\/gall-pharma-beifusstropfen-50-ml\/","title":{"rendered":"Gall Pharma Beifusstropfen 50 ml"},"content":{"rendered":"<p>Gall Pharma Beifusstropfen enthalten einen w\u00e4ssrig-alkoholischen Auszug aus Beifusskraut. Beifuss schmeckt w\u00fcrzig und leicht bitter und riecht aromatisch. Das Beifusskraut wird vor allem aufgrund seines g\u00fcnstigen Effektes auf den Magen- und Darmtrakt eingesetzt. Auch f\u00fcr die Zubereitung von Tee wird das getrocknete Kraut genutzt<\/p>\n","protected":false},"excerpt":{"rendered":"<p>Gall Pharma Beifusstropfen enthalten einen w\u00e4ssrig-alkoholischen Auszug aus Beifusskraut. Beifuss schmeckt w\u00fcrzig und leicht bitter und riecht aromatisch. Das Beifusskraut wird vor allem aufgrund seines g\u00fcnstigen Effektes auf den Magen- und Darmtrakt eingesetzt. Auch f\u00fcr die Zubereitung von Tee wird das getrocknete Kraut genutzt<\/p>\n","protected":false},"featured_media":47921,"template":"","meta":{"_acf_changed":false},"product_brand":[],"product_cat":[328],"product_tag":[],"class_list":{"0":"post-47919","1":"product","2":"type-product","3":"status-publish","4":"has-post-thumbnail","6":"product_cat-g","7":"pa_packungsgroesse-50ml","9":"first","10":"instock","11":"shipping-taxable","12":"purchasable","13":"product-type-simple"},"acf":[],"_links":{"self":[{"href":"https:\/\/www.hirtenberg-apotheke.at\/katalog\/wp-json\/wp\/v2\/product\/47919","targetHints":{"allow":["GET"]}}],"collection":[{"href":"https:\/\/www.hirtenberg-apotheke.at\/katalog\/wp-json\/wp\/v2\/product"}],"about":[{"href":"https:\/\/www.hirtenberg-apotheke.at\/katalog\/wp-json\/wp\/v2\/types\/product"}],"wp:featuredmedia":[{"embeddable":true,"href":"https:\/\/www.hirtenberg-apotheke.at\/katalog\/wp-json\/wp\/v2\/media\/47921"}],"wp:attachment":[{"href":"https:\/\/www.hirtenberg-apotheke.at\/katalog\/wp-json\/wp\/v2\/media?parent=47919"}],"wp:term":[{"taxonomy":"product_brand","embeddable":true,"href":"https:\/\/www.hirtenberg-apotheke.at\/katalog\/wp-json\/wp\/v2\/product_brand?post=47919"},{"taxonomy":"product_cat","embeddable":true,"href":"https:\/\/www.hirtenberg-apotheke.at\/katalog\/wp-json\/wp\/v2\/product_cat?post=47919"},{"taxonomy":"product_tag","embeddable":true,"href":"https:\/\/www.hirtenberg-apotheke.at\/katalog\/wp-json\/wp\/v2\/product_tag?post=47919"}],"curies":[{"name":"wp","href":"https:\/\/api.w.org\/{rel}","templated":true}]}}